{"id":158,"date":"2023-07-18T15:00:59","date_gmt":"2023-07-18T18:00:59","guid":{"rendered":"https:\/\/diseldistribuidora.com.br\/?post_type=product&#038;p=158"},"modified":"2023-09-14T01:47:42","modified_gmt":"2023-09-14T04:47:42","slug":"pivo-duo-1-3-simples","status":"publish","type":"product","link":"https:\/\/diseldistribuidora.com.br\/?product=pivo-duo-1-3-simples","title":{"rendered":"PIVO DUO 1\/3 SIMPLES"},"content":{"rendered":"","protected":false},"excerpt":{"rendered":"<h6><strong>MAIOR DURABILIDADE E FACILIDADE NA HORA DA INSTALA\u00c7\u00c3O!<\/strong><\/h6>\n<p>A linha Pivo Duo \u00e9 ideal para quem quer aliar a durabilidade dos automatizadores pivotantes da Garen \u00e0 f\u00e1cil instala\u00e7\u00e3o!<\/p>\n<h2 id=\"title-info-tec\">ESPECIFICA\u00c7\u00d5ES T\u00c9CNICAS<\/h2>\n<table>\n<tbody>\n<tr>\n<td>APLICA\u00c7\u00c3O<\/td>\n<td>RESIDENCIAL<\/td>\n<\/tr>\n<tr>\n<td>VOLTAGEM<\/td>\n<td>127\/220V &#8211; 50\/60HZ<\/td>\n<\/tr>\n<tr>\n<td>CICLOS (HORA)<\/td>\n<td>25<\/td>\n<\/tr>\n<tr>\n<td>TEMPO DE ABERTURA (3)<\/td>\n<td>12S (3M) FECHAMENTO EM 90\u00ba<\/td>\n<\/tr>\n<tr>\n<td>PESO M\u00c1XIMO DO PORT\u00c3O<\/td>\n<td>250KG (FOLHA \u00daNICA)<\/td>\n<\/tr>\n<tr>\n<td>CENTRAL<\/td>\n<td>WAVE<\/td>\n<\/tr>\n<tr>\n<td>MODELO<\/td>\n<td>1\/3<\/td>\n<\/tr>\n<tr>\n<td>ACIONAMENTOS<\/td>\n<td>0,75 E 1,0M<\/td>\n<\/tr>\n<tr>\n<td>TAM. MAX DA FOLHA<\/td>\n<td>AT\u00c9 3M\u00a0(de acordo com o tamanho do acionamento)<\/td>\n<\/tr>\n<\/tbody>\n<\/table>\n","protected":false},"featured_media":160,"template":"","meta":[],"product_brand":[],"product_cat":[44],"product_tag":[],"class_list":{"0":"post-158","1":"product","2":"type-product","3":"status-publish","4":"has-post-thumbnail","6":"product_cat-automatizadores","8":"first","9":"instock","10":"shipping-taxable","11":"product-type-simple"},"yoast_head":"<!-- This site is optimized with the Yoast SEO plugin v26.7 - https:\/\/yoast.com\/wordpress\/plugins\/seo\/ -->\n<title>PIVO DUO 1\/3 SIMPLES - Disel Distribuidora<\/title>\n<meta name=\"robots\" content=\"index, follow, max-snippet:-1, max-image-preview:large, max-video-preview:-1\" \/>\n<link rel=\"canonical\" href=\"https:\/\/diseldistribuidora.com.br\/?product=pivo-duo-1-3-simples\" \/>\n<meta property=\"og:locale\" content=\"pt_BR\" \/>\n<meta property=\"og:type\" content=\"article\" \/>\n<meta property=\"og:title\" content=\"PIVO DUO 1\/3 SIMPLES - Disel Distribuidora\" \/>\n<meta property=\"og:description\" content=\"MAIOR DURABILIDADE E FACILIDADE NA HORA DA INSTALA\u00c7\u00c3O! A linha Pivo Duo \u00e9 ideal para quem quer aliar a durabilidade dos automatizadores pivotantes da Garen \u00e0 f\u00e1cil instala\u00e7\u00e3o! ESPECIFICA\u00c7\u00d5ES T\u00c9CNICAS    APLICA\u00c7\u00c3O RESIDENCIAL   VOLTAGEM 127\/220V - 50\/60HZ   CICLOS (HORA) 25   TEMPO DE ABERTURA (3) 12S (3M) FECHAMENTO EM 90\u00ba   PESO M\u00c1XIMO DO PORT\u00c3O 250KG (FOLHA \u00daNICA)   CENTRAL WAVE   MODELO 1\/3   ACIONAMENTOS 0,75 E 1,0M   TAM. MAX DA FOLHA AT\u00c9 3M\u00a0(de acordo com o tamanho do acionamento)\" \/>\n<meta property=\"og:url\" content=\"https:\/\/diseldistribuidora.com.br\/?product=pivo-duo-1-3-simples\" \/>\n<meta property=\"og:site_name\" content=\"Disel Distribuidora\" \/>\n<meta property=\"article:modified_time\" content=\"2023-09-14T04:47:42+00:00\" \/>\n<meta property=\"og:image\" content=\"https:\/\/diseldistribuidora.com.br\/wp-content\/uploads\/2023\/07\/pivo-duo-1-3-simples.png\" \/>\n\t<meta property=\"og:image:width\" content=\"300\" \/>\n\t<meta property=\"og:image:height\" content=\"300\" \/>\n\t<meta property=\"og:image:type\" content=\"image\/png\" \/>\n<meta name=\"twitter:card\" content=\"summary_large_image\" \/>\n<script type=\"application\/ld+json\" class=\"yoast-schema-graph\">{\"@context\":\"https:\/\/schema.org\",\"@graph\":[{\"@type\":\"WebPage\",\"@id\":\"https:\/\/diseldistribuidora.com.br\/?product=pivo-duo-1-3-simples\",\"url\":\"https:\/\/diseldistribuidora.com.br\/?product=pivo-duo-1-3-simples\",\"name\":\"PIVO DUO 1\/3 SIMPLES - Disel Distribuidora\",\"isPartOf\":{\"@id\":\"https:\/\/diseldistribuidora.com.br\/#website\"},\"primaryImageOfPage\":{\"@id\":\"https:\/\/diseldistribuidora.com.br\/?product=pivo-duo-1-3-simples#primaryimage\"},\"image\":{\"@id\":\"https:\/\/diseldistribuidora.com.br\/?product=pivo-duo-1-3-simples#primaryimage\"},\"thumbnailUrl\":\"https:\/\/diseldistribuidora.com.br\/wp-content\/uploads\/2023\/07\/pivo-duo-1-3-simples.png\",\"datePublished\":\"2023-07-18T18:00:59+00:00\",\"dateModified\":\"2023-09-14T04:47:42+00:00\",\"breadcrumb\":{\"@id\":\"https:\/\/diseldistribuidora.com.br\/?product=pivo-duo-1-3-simples#breadcrumb\"},\"inLanguage\":\"pt-BR\",\"potentialAction\":[{\"@type\":\"ReadAction\",\"target\":[\"https:\/\/diseldistribuidora.com.br\/?product=pivo-duo-1-3-simples\"]}]},{\"@type\":\"ImageObject\",\"inLanguage\":\"pt-BR\",\"@id\":\"https:\/\/diseldistribuidora.com.br\/?product=pivo-duo-1-3-simples#primaryimage\",\"url\":\"https:\/\/diseldistribuidora.com.br\/wp-content\/uploads\/2023\/07\/pivo-duo-1-3-simples.png\",\"contentUrl\":\"https:\/\/diseldistribuidora.com.br\/wp-content\/uploads\/2023\/07\/pivo-duo-1-3-simples.png\",\"width\":300,\"height\":300},{\"@type\":\"BreadcrumbList\",\"@id\":\"https:\/\/diseldistribuidora.com.br\/?product=pivo-duo-1-3-simples#breadcrumb\",\"itemListElement\":[{\"@type\":\"ListItem\",\"position\":1,\"name\":\"In\u00edcio\",\"item\":\"https:\/\/diseldistribuidora.com.br\/\"},{\"@type\":\"ListItem\",\"position\":2,\"name\":\"Loja\",\"item\":\"https:\/\/diseldistribuidora.com.br\/?page_id=51\"},{\"@type\":\"ListItem\",\"position\":3,\"name\":\"PIVO DUO 1\/3 SIMPLES\"}]},{\"@type\":\"WebSite\",\"@id\":\"https:\/\/diseldistribuidora.com.br\/#website\",\"url\":\"https:\/\/diseldistribuidora.com.br\/\",\"name\":\"Disel Distribuidora\",\"description\":\"Como distribuidores l\u00edderes, colaboramos com as principais marcas do mercado para oferecer produtos de qualidade, garantindo a confiabilidade e a durabilidade de cada equipamento. Nossa matriz est\u00e1 estrategicamente localizada para atender \u00e0s necessidades de clientes de Rio Verge-GO e regi\u00e3o, mas temos unidades em Uberl\u00e2ndia-MG e Uberaba-MG.\",\"publisher\":{\"@id\":\"https:\/\/diseldistribuidora.com.br\/#organization\"},\"potentialAction\":[{\"@type\":\"SearchAction\",\"target\":{\"@type\":\"EntryPoint\",\"urlTemplate\":\"https:\/\/diseldistribuidora.com.br\/?s={search_term_string}\"},\"query-input\":{\"@type\":\"PropertyValueSpecification\",\"valueRequired\":true,\"valueName\":\"search_term_string\"}}],\"inLanguage\":\"pt-BR\"},{\"@type\":\"Organization\",\"@id\":\"https:\/\/diseldistribuidora.com.br\/#organization\",\"name\":\"Disel Distribuidora\",\"url\":\"https:\/\/diseldistribuidora.com.br\/\",\"logo\":{\"@type\":\"ImageObject\",\"inLanguage\":\"pt-BR\",\"@id\":\"https:\/\/diseldistribuidora.com.br\/#\/schema\/logo\/image\/\",\"url\":\"https:\/\/diseldistribuidora.com.br\/wp-content\/uploads\/2023\/06\/DISEL-DISTRIBUIDORA-PRODUTOS-SEGURANCA-ELETRONICA.png\",\"contentUrl\":\"https:\/\/diseldistribuidora.com.br\/wp-content\/uploads\/2023\/06\/DISEL-DISTRIBUIDORA-PRODUTOS-SEGURANCA-ELETRONICA.png\",\"width\":800,\"height\":530,\"caption\":\"Disel Distribuidora\"},\"image\":{\"@id\":\"https:\/\/diseldistribuidora.com.br\/#\/schema\/logo\/image\/\"}}]}<\/script>\n<!-- \/ Yoast SEO plugin. -->","yoast_head_json":{"title":"PIVO DUO 1\/3 SIMPLES - Disel Distribuidora","robots":{"index":"index","follow":"follow","max-snippet":"max-snippet:-1","max-image-preview":"max-image-preview:large","max-video-preview":"max-video-preview:-1"},"canonical":"https:\/\/diseldistribuidora.com.br\/?product=pivo-duo-1-3-simples","og_locale":"pt_BR","og_type":"article","og_title":"PIVO DUO 1\/3 SIMPLES - Disel Distribuidora","og_description":"MAIOR DURABILIDADE E FACILIDADE NA HORA DA INSTALA\u00c7\u00c3O! A linha Pivo Duo \u00e9 ideal para quem quer aliar a durabilidade dos automatizadores pivotantes da Garen \u00e0 f\u00e1cil instala\u00e7\u00e3o! ESPECIFICA\u00c7\u00d5ES T\u00c9CNICAS    APLICA\u00c7\u00c3O RESIDENCIAL   VOLTAGEM 127\/220V - 50\/60HZ   CICLOS (HORA) 25   TEMPO DE ABERTURA (3) 12S (3M) FECHAMENTO EM 90\u00ba   PESO M\u00c1XIMO DO PORT\u00c3O 250KG (FOLHA \u00daNICA)   CENTRAL WAVE   MODELO 1\/3   ACIONAMENTOS 0,75 E 1,0M   TAM. MAX DA FOLHA AT\u00c9 3M\u00a0(de acordo com o tamanho do acionamento)","og_url":"https:\/\/diseldistribuidora.com.br\/?product=pivo-duo-1-3-simples","og_site_name":"Disel Distribuidora","article_modified_time":"2023-09-14T04:47:42+00:00","og_image":[{"width":300,"height":300,"url":"https:\/\/diseldistribuidora.com.br\/wp-content\/uploads\/2023\/07\/pivo-duo-1-3-simples.png","type":"image\/png"}],"twitter_card":"summary_large_image","schema":{"@context":"https:\/\/schema.org","@graph":[{"@type":"WebPage","@id":"https:\/\/diseldistribuidora.com.br\/?product=pivo-duo-1-3-simples","url":"https:\/\/diseldistribuidora.com.br\/?product=pivo-duo-1-3-simples","name":"PIVO DUO 1\/3 SIMPLES - Disel Distribuidora","isPartOf":{"@id":"https:\/\/diseldistribuidora.com.br\/#website"},"primaryImageOfPage":{"@id":"https:\/\/diseldistribuidora.com.br\/?product=pivo-duo-1-3-simples#primaryimage"},"image":{"@id":"https:\/\/diseldistribuidora.com.br\/?product=pivo-duo-1-3-simples#primaryimage"},"thumbnailUrl":"https:\/\/diseldistribuidora.com.br\/wp-content\/uploads\/2023\/07\/pivo-duo-1-3-simples.png","datePublished":"2023-07-18T18:00:59+00:00","dateModified":"2023-09-14T04:47:42+00:00","breadcrumb":{"@id":"https:\/\/diseldistribuidora.com.br\/?product=pivo-duo-1-3-simples#breadcrumb"},"inLanguage":"pt-BR","potentialAction":[{"@type":"ReadAction","target":["https:\/\/diseldistribuidora.com.br\/?product=pivo-duo-1-3-simples"]}]},{"@type":"ImageObject","inLanguage":"pt-BR","@id":"https:\/\/diseldistribuidora.com.br\/?product=pivo-duo-1-3-simples#primaryimage","url":"https:\/\/diseldistribuidora.com.br\/wp-content\/uploads\/2023\/07\/pivo-duo-1-3-simples.png","contentUrl":"https:\/\/diseldistribuidora.com.br\/wp-content\/uploads\/2023\/07\/pivo-duo-1-3-simples.png","width":300,"height":300},{"@type":"BreadcrumbList","@id":"https:\/\/diseldistribuidora.com.br\/?product=pivo-duo-1-3-simples#breadcrumb","itemListElement":[{"@type":"ListItem","position":1,"name":"In\u00edcio","item":"https:\/\/diseldistribuidora.com.br\/"},{"@type":"ListItem","position":2,"name":"Loja","item":"https:\/\/diseldistribuidora.com.br\/?page_id=51"},{"@type":"ListItem","position":3,"name":"PIVO DUO 1\/3 SIMPLES"}]},{"@type":"WebSite","@id":"https:\/\/diseldistribuidora.com.br\/#website","url":"https:\/\/diseldistribuidora.com.br\/","name":"Disel Distribuidora","description":"Como distribuidores l\u00edderes, colaboramos com as principais marcas do mercado para oferecer produtos de qualidade, garantindo a confiabilidade e a durabilidade de cada equipamento. Nossa matriz est\u00e1 estrategicamente localizada para atender \u00e0s necessidades de clientes de Rio Verge-GO e regi\u00e3o, mas temos unidades em Uberl\u00e2ndia-MG e Uberaba-MG.","publisher":{"@id":"https:\/\/diseldistribuidora.com.br\/#organization"},"potentialAction":[{"@type":"SearchAction","target":{"@type":"EntryPoint","urlTemplate":"https:\/\/diseldistribuidora.com.br\/?s={search_term_string}"},"query-input":{"@type":"PropertyValueSpecification","valueRequired":true,"valueName":"search_term_string"}}],"inLanguage":"pt-BR"},{"@type":"Organization","@id":"https:\/\/diseldistribuidora.com.br\/#organization","name":"Disel Distribuidora","url":"https:\/\/diseldistribuidora.com.br\/","logo":{"@type":"ImageObject","inLanguage":"pt-BR","@id":"https:\/\/diseldistribuidora.com.br\/#\/schema\/logo\/image\/","url":"https:\/\/diseldistribuidora.com.br\/wp-content\/uploads\/2023\/06\/DISEL-DISTRIBUIDORA-PRODUTOS-SEGURANCA-ELETRONICA.png","contentUrl":"https:\/\/diseldistribuidora.com.br\/wp-content\/uploads\/2023\/06\/DISEL-DISTRIBUIDORA-PRODUTOS-SEGURANCA-ELETRONICA.png","width":800,"height":530,"caption":"Disel Distribuidora"},"image":{"@id":"https:\/\/diseldistribuidora.com.br\/#\/schema\/logo\/image\/"}}]}},"_links":{"self":[{"href":"https:\/\/diseldistribuidora.com.br\/index.php?rest_route=\/wp\/v2\/product\/158","targetHints":{"allow":["GET"]}}],"collection":[{"href":"https:\/\/diseldistribuidora.com.br\/index.php?rest_route=\/wp\/v2\/product"}],"about":[{"href":"https:\/\/diseldistribuidora.com.br\/index.php?rest_route=\/wp\/v2\/types\/product"}],"wp:featuredmedia":[{"embeddable":true,"href":"https:\/\/diseldistribuidora.com.br\/index.php?rest_route=\/wp\/v2\/media\/160"}],"wp:attachment":[{"href":"https:\/\/diseldistribuidora.com.br\/index.php?rest_route=%2Fwp%2Fv2%2Fmedia&parent=158"}],"wp:term":[{"taxonomy":"product_brand","embeddable":true,"href":"https:\/\/diseldistribuidora.com.br\/index.php?rest_route=%2Fwp%2Fv2%2Fproduct_brand&post=158"},{"taxonomy":"product_cat","embeddable":true,"href":"https:\/\/diseldistribuidora.com.br\/index.php?rest_route=%2Fwp%2Fv2%2Fproduct_cat&post=158"},{"taxonomy":"product_tag","embeddable":true,"href":"https:\/\/diseldistribuidora.com.br\/index.php?rest_route=%2Fwp%2Fv2%2Fproduct_tag&post=158"}],"curies":[{"name":"wp","href":"https:\/\/api.w.org\/{rel}","templated":true}]}}