{"id":197,"date":"2023-07-18T15:37:13","date_gmt":"2023-07-18T18:37:13","guid":{"rendered":"https:\/\/diseldistribuidora.com.br\/?post_type=product&#038;p=197"},"modified":"2023-09-14T01:42:42","modified_gmt":"2023-09-14T04:42:42","slug":"ac-700","status":"publish","type":"product","link":"https:\/\/diseldistribuidora.com.br\/?product=ac-700","title":{"rendered":"AC 700"},"content":{"rendered":"","protected":false},"excerpt":{"rendered":"<div class=\"box-desc\">\n<p><strong>DURABILIDADE E PRATICIDADE NAS OPERA\u00c7\u00d5ES DE EMPRESAS E COM\u00c9RCIOS!\u00a0<\/strong><\/p>\n<p>Com uma mec\u00e2nica robusta, simples e precisa, o automatizador para portas de enrolar ROLL AC 700 \u00e9 uma excelente op\u00e7\u00e3o para quem procura praticidade e qualidade. Ao simples toque de um bot\u00e3o, elas se abrem para cima, economizando espa\u00e7o no projeto arquitet\u00f4nico.<\/p>\n<p><strong>M\u00e1quina + Kit Testeira 1.5\u00a0<\/strong><\/p>\n<p>&nbsp;<\/p>\n<\/div>\n<div class=\"box-info-tec\">\n<h2 id=\"title-info-tec\">ESPECIFICA\u00c7\u00d5ES T\u00c9CNICAS<\/h2>\n<table>\n<tbody>\n<tr>\n<td>APLICA\u00c7\u00c3O<\/td>\n<td>COMERCIAL \/ INDUSTRIAL<\/td>\n<\/tr>\n<tr>\n<td>POT\u00caNCIA<\/td>\n<td>1\u00a0 HP 750W<\/td>\n<\/tr>\n<tr>\n<td>VOLTAGEM<\/td>\n<td>220V~\/1P 60HZ<\/td>\n<\/tr>\n<tr>\n<td>CARGA M\u00c1XIMA<\/td>\n<td>630KG \/ 650 N.M<\/td>\n<\/tr>\n<tr>\n<td>ALTURA M\u00c1XIMA<\/td>\n<td>7m<\/td>\n<\/tr>\n<tr>\n<td>DI\u00c2METRO INTERNO DO EIXO<\/td>\n<td>6&#8217;\/127.0MM<\/td>\n<\/tr>\n<\/tbody>\n<\/table>\n<\/div>\n","protected":false},"featured_media":198,"template":"","meta":[],"product_brand":[],"product_cat":[44],"product_tag":[],"class_list":{"0":"post-197","1":"product","2":"type-product","3":"status-publish","4":"has-post-thumbnail","6":"product_cat-automatizadores","8":"first","9":"instock","10":"shipping-taxable","11":"product-type-simple"},"yoast_head":"<!-- This site is optimized with the Yoast SEO plugin v26.7 - https:\/\/yoast.com\/wordpress\/plugins\/seo\/ -->\n<title>AC 700 - Disel Distribuidora<\/title>\n<meta name=\"robots\" content=\"index, follow, max-snippet:-1, max-image-preview:large, max-video-preview:-1\" \/>\n<link rel=\"canonical\" href=\"https:\/\/diseldistribuidora.com.br\/?product=ac-700\" \/>\n<meta property=\"og:locale\" content=\"pt_BR\" \/>\n<meta property=\"og:type\" content=\"article\" \/>\n<meta property=\"og:title\" content=\"AC 700 - Disel Distribuidora\" \/>\n<meta property=\"og:description\" content=\"DURABILIDADE E PRATICIDADE NAS OPERA\u00c7\u00d5ES DE EMPRESAS E COM\u00c9RCIOS!\u00a0  Com uma mec\u00e2nica robusta, simples e precisa, o automatizador para portas de enrolar ROLL AC 700 \u00e9 uma excelente op\u00e7\u00e3o para quem procura praticidade e qualidade. Ao simples toque de um bot\u00e3o, elas se abrem para cima, economizando espa\u00e7o no projeto arquitet\u00f4nico.  M\u00e1quina + Kit Testeira 1.5\u00a0  &nbsp;    ESPECIFICA\u00c7\u00d5ES T\u00c9CNICAS    APLICA\u00c7\u00c3O COMERCIAL \/ INDUSTRIAL   POT\u00caNCIA 1\u00a0 HP 750W   VOLTAGEM 220V~\/1P 60HZ   CARGA M\u00c1XIMA 630KG \/ 650 N.M   ALTURA M\u00c1XIMA 7m   DI\u00c2METRO INTERNO DO EIXO 6&#039;\/127.0MM\" \/>\n<meta property=\"og:url\" content=\"https:\/\/diseldistribuidora.com.br\/?product=ac-700\" \/>\n<meta property=\"og:site_name\" content=\"Disel Distribuidora\" \/>\n<meta property=\"article:modified_time\" content=\"2023-09-14T04:42:42+00:00\" \/>\n<meta property=\"og:image\" content=\"https:\/\/diseldistribuidora.com.br\/wp-content\/uploads\/2023\/07\/ac-700.png\" \/>\n\t<meta property=\"og:image:width\" content=\"300\" \/>\n\t<meta property=\"og:image:height\" content=\"300\" \/>\n\t<meta property=\"og:image:type\" content=\"image\/png\" \/>\n<meta name=\"twitter:card\" content=\"summary_large_image\" \/>\n<script type=\"application\/ld+json\" class=\"yoast-schema-graph\">{\"@context\":\"https:\/\/schema.org\",\"@graph\":[{\"@type\":\"WebPage\",\"@id\":\"https:\/\/diseldistribuidora.com.br\/?product=ac-700\",\"url\":\"https:\/\/diseldistribuidora.com.br\/?product=ac-700\",\"name\":\"AC 700 - Disel Distribuidora\",\"isPartOf\":{\"@id\":\"https:\/\/diseldistribuidora.com.br\/#website\"},\"primaryImageOfPage\":{\"@id\":\"https:\/\/diseldistribuidora.com.br\/?product=ac-700#primaryimage\"},\"image\":{\"@id\":\"https:\/\/diseldistribuidora.com.br\/?product=ac-700#primaryimage\"},\"thumbnailUrl\":\"https:\/\/diseldistribuidora.com.br\/wp-content\/uploads\/2023\/07\/ac-700.png\",\"datePublished\":\"2023-07-18T18:37:13+00:00\",\"dateModified\":\"2023-09-14T04:42:42+00:00\",\"breadcrumb\":{\"@id\":\"https:\/\/diseldistribuidora.com.br\/?product=ac-700#breadcrumb\"},\"inLanguage\":\"pt-BR\",\"potentialAction\":[{\"@type\":\"ReadAction\",\"target\":[\"https:\/\/diseldistribuidora.com.br\/?product=ac-700\"]}]},{\"@type\":\"ImageObject\",\"inLanguage\":\"pt-BR\",\"@id\":\"https:\/\/diseldistribuidora.com.br\/?product=ac-700#primaryimage\",\"url\":\"https:\/\/diseldistribuidora.com.br\/wp-content\/uploads\/2023\/07\/ac-700.png\",\"contentUrl\":\"https:\/\/diseldistribuidora.com.br\/wp-content\/uploads\/2023\/07\/ac-700.png\",\"width\":300,\"height\":300},{\"@type\":\"BreadcrumbList\",\"@id\":\"https:\/\/diseldistribuidora.com.br\/?product=ac-700#breadcrumb\",\"itemListElement\":[{\"@type\":\"ListItem\",\"position\":1,\"name\":\"In\u00edcio\",\"item\":\"https:\/\/diseldistribuidora.com.br\/\"},{\"@type\":\"ListItem\",\"position\":2,\"name\":\"Loja\",\"item\":\"https:\/\/diseldistribuidora.com.br\/?page_id=51\"},{\"@type\":\"ListItem\",\"position\":3,\"name\":\"AC 700\"}]},{\"@type\":\"WebSite\",\"@id\":\"https:\/\/diseldistribuidora.com.br\/#website\",\"url\":\"https:\/\/diseldistribuidora.com.br\/\",\"name\":\"Disel Distribuidora\",\"description\":\"Como distribuidores l\u00edderes, colaboramos com as principais marcas do mercado para oferecer produtos de qualidade, garantindo a confiabilidade e a durabilidade de cada equipamento. Nossa matriz est\u00e1 estrategicamente localizada para atender \u00e0s necessidades de clientes de Rio Verge-GO e regi\u00e3o, mas temos unidades em Uberl\u00e2ndia-MG e Uberaba-MG.\",\"publisher\":{\"@id\":\"https:\/\/diseldistribuidora.com.br\/#organization\"},\"potentialAction\":[{\"@type\":\"SearchAction\",\"target\":{\"@type\":\"EntryPoint\",\"urlTemplate\":\"https:\/\/diseldistribuidora.com.br\/?s={search_term_string}\"},\"query-input\":{\"@type\":\"PropertyValueSpecification\",\"valueRequired\":true,\"valueName\":\"search_term_string\"}}],\"inLanguage\":\"pt-BR\"},{\"@type\":\"Organization\",\"@id\":\"https:\/\/diseldistribuidora.com.br\/#organization\",\"name\":\"Disel Distribuidora\",\"url\":\"https:\/\/diseldistribuidora.com.br\/\",\"logo\":{\"@type\":\"ImageObject\",\"inLanguage\":\"pt-BR\",\"@id\":\"https:\/\/diseldistribuidora.com.br\/#\/schema\/logo\/image\/\",\"url\":\"https:\/\/diseldistribuidora.com.br\/wp-content\/uploads\/2023\/06\/DISEL-DISTRIBUIDORA-PRODUTOS-SEGURANCA-ELETRONICA.png\",\"contentUrl\":\"https:\/\/diseldistribuidora.com.br\/wp-content\/uploads\/2023\/06\/DISEL-DISTRIBUIDORA-PRODUTOS-SEGURANCA-ELETRONICA.png\",\"width\":800,\"height\":530,\"caption\":\"Disel Distribuidora\"},\"image\":{\"@id\":\"https:\/\/diseldistribuidora.com.br\/#\/schema\/logo\/image\/\"}}]}<\/script>\n<!-- \/ Yoast SEO plugin. -->","yoast_head_json":{"title":"AC 700 - Disel Distribuidora","robots":{"index":"index","follow":"follow","max-snippet":"max-snippet:-1","max-image-preview":"max-image-preview:large","max-video-preview":"max-video-preview:-1"},"canonical":"https:\/\/diseldistribuidora.com.br\/?product=ac-700","og_locale":"pt_BR","og_type":"article","og_title":"AC 700 - Disel Distribuidora","og_description":"DURABILIDADE E PRATICIDADE NAS OPERA\u00c7\u00d5ES DE EMPRESAS E COM\u00c9RCIOS!\u00a0  Com uma mec\u00e2nica robusta, simples e precisa, o automatizador para portas de enrolar ROLL AC 700 \u00e9 uma excelente op\u00e7\u00e3o para quem procura praticidade e qualidade. Ao simples toque de um bot\u00e3o, elas se abrem para cima, economizando espa\u00e7o no projeto arquitet\u00f4nico.  M\u00e1quina + Kit Testeira 1.5\u00a0  &nbsp;    ESPECIFICA\u00c7\u00d5ES T\u00c9CNICAS    APLICA\u00c7\u00c3O COMERCIAL \/ INDUSTRIAL   POT\u00caNCIA 1\u00a0 HP 750W   VOLTAGEM 220V~\/1P 60HZ   CARGA M\u00c1XIMA 630KG \/ 650 N.M   ALTURA M\u00c1XIMA 7m   DI\u00c2METRO INTERNO DO EIXO 6'\/127.0MM","og_url":"https:\/\/diseldistribuidora.com.br\/?product=ac-700","og_site_name":"Disel Distribuidora","article_modified_time":"2023-09-14T04:42:42+00:00","og_image":[{"width":300,"height":300,"url":"https:\/\/diseldistribuidora.com.br\/wp-content\/uploads\/2023\/07\/ac-700.png","type":"image\/png"}],"twitter_card":"summary_large_image","schema":{"@context":"https:\/\/schema.org","@graph":[{"@type":"WebPage","@id":"https:\/\/diseldistribuidora.com.br\/?product=ac-700","url":"https:\/\/diseldistribuidora.com.br\/?product=ac-700","name":"AC 700 - Disel Distribuidora","isPartOf":{"@id":"https:\/\/diseldistribuidora.com.br\/#website"},"primaryImageOfPage":{"@id":"https:\/\/diseldistribuidora.com.br\/?product=ac-700#primaryimage"},"image":{"@id":"https:\/\/diseldistribuidora.com.br\/?product=ac-700#primaryimage"},"thumbnailUrl":"https:\/\/diseldistribuidora.com.br\/wp-content\/uploads\/2023\/07\/ac-700.png","datePublished":"2023-07-18T18:37:13+00:00","dateModified":"2023-09-14T04:42:42+00:00","breadcrumb":{"@id":"https:\/\/diseldistribuidora.com.br\/?product=ac-700#breadcrumb"},"inLanguage":"pt-BR","potentialAction":[{"@type":"ReadAction","target":["https:\/\/diseldistribuidora.com.br\/?product=ac-700"]}]},{"@type":"ImageObject","inLanguage":"pt-BR","@id":"https:\/\/diseldistribuidora.com.br\/?product=ac-700#primaryimage","url":"https:\/\/diseldistribuidora.com.br\/wp-content\/uploads\/2023\/07\/ac-700.png","contentUrl":"https:\/\/diseldistribuidora.com.br\/wp-content\/uploads\/2023\/07\/ac-700.png","width":300,"height":300},{"@type":"BreadcrumbList","@id":"https:\/\/diseldistribuidora.com.br\/?product=ac-700#breadcrumb","itemListElement":[{"@type":"ListItem","position":1,"name":"In\u00edcio","item":"https:\/\/diseldistribuidora.com.br\/"},{"@type":"ListItem","position":2,"name":"Loja","item":"https:\/\/diseldistribuidora.com.br\/?page_id=51"},{"@type":"ListItem","position":3,"name":"AC 700"}]},{"@type":"WebSite","@id":"https:\/\/diseldistribuidora.com.br\/#website","url":"https:\/\/diseldistribuidora.com.br\/","name":"Disel Distribuidora","description":"Como distribuidores l\u00edderes, colaboramos com as principais marcas do mercado para oferecer produtos de qualidade, garantindo a confiabilidade e a durabilidade de cada equipamento. Nossa matriz est\u00e1 estrategicamente localizada para atender \u00e0s necessidades de clientes de Rio Verge-GO e regi\u00e3o, mas temos unidades em Uberl\u00e2ndia-MG e Uberaba-MG.","publisher":{"@id":"https:\/\/diseldistribuidora.com.br\/#organization"},"potentialAction":[{"@type":"SearchAction","target":{"@type":"EntryPoint","urlTemplate":"https:\/\/diseldistribuidora.com.br\/?s={search_term_string}"},"query-input":{"@type":"PropertyValueSpecification","valueRequired":true,"valueName":"search_term_string"}}],"inLanguage":"pt-BR"},{"@type":"Organization","@id":"https:\/\/diseldistribuidora.com.br\/#organization","name":"Disel Distribuidora","url":"https:\/\/diseldistribuidora.com.br\/","logo":{"@type":"ImageObject","inLanguage":"pt-BR","@id":"https:\/\/diseldistribuidora.com.br\/#\/schema\/logo\/image\/","url":"https:\/\/diseldistribuidora.com.br\/wp-content\/uploads\/2023\/06\/DISEL-DISTRIBUIDORA-PRODUTOS-SEGURANCA-ELETRONICA.png","contentUrl":"https:\/\/diseldistribuidora.com.br\/wp-content\/uploads\/2023\/06\/DISEL-DISTRIBUIDORA-PRODUTOS-SEGURANCA-ELETRONICA.png","width":800,"height":530,"caption":"Disel Distribuidora"},"image":{"@id":"https:\/\/diseldistribuidora.com.br\/#\/schema\/logo\/image\/"}}]}},"_links":{"self":[{"href":"https:\/\/diseldistribuidora.com.br\/index.php?rest_route=\/wp\/v2\/product\/197","targetHints":{"allow":["GET"]}}],"collection":[{"href":"https:\/\/diseldistribuidora.com.br\/index.php?rest_route=\/wp\/v2\/product"}],"about":[{"href":"https:\/\/diseldistribuidora.com.br\/index.php?rest_route=\/wp\/v2\/types\/product"}],"wp:featuredmedia":[{"embeddable":true,"href":"https:\/\/diseldistribuidora.com.br\/index.php?rest_route=\/wp\/v2\/media\/198"}],"wp:attachment":[{"href":"https:\/\/diseldistribuidora.com.br\/index.php?rest_route=%2Fwp%2Fv2%2Fmedia&parent=197"}],"wp:term":[{"taxonomy":"product_brand","embeddable":true,"href":"https:\/\/diseldistribuidora.com.br\/index.php?rest_route=%2Fwp%2Fv2%2Fproduct_brand&post=197"},{"taxonomy":"product_cat","embeddable":true,"href":"https:\/\/diseldistribuidora.com.br\/index.php?rest_route=%2Fwp%2Fv2%2Fproduct_cat&post=197"},{"taxonomy":"product_tag","embeddable":true,"href":"https:\/\/diseldistribuidora.com.br\/index.php?rest_route=%2Fwp%2Fv2%2Fproduct_tag&post=197"}],"curies":[{"name":"wp","href":"https:\/\/api.w.org\/{rel}","templated":true}]}}