{"id":221,"date":"2023-07-18T15:55:43","date_gmt":"2023-07-18T18:55:43","guid":{"rendered":"https:\/\/diseldistribuidora.com.br\/?post_type=product&#038;p=221"},"modified":"2023-09-14T01:39:21","modified_gmt":"2023-09-14T04:39:21","slug":"kit-central-wi-fi-porta-de-enrolar","status":"publish","type":"product","link":"https:\/\/diseldistribuidora.com.br\/?product=kit-central-wi-fi-porta-de-enrolar","title":{"rendered":"KIT CENTRAL WI-FI \u2013 PORTA DE ENROLAR"},"content":{"rendered":"","protected":false},"excerpt":{"rendered":"<div class=\"box-desc\">\n<p><strong>SIMPLES INSTALA\u00c7\u00c3O \u2013 PLUG AND PLAY!<\/strong><br \/>\nO\u00a0<strong>Kit Central Wi-Fi para Porta de Enrolar Garen<\/strong>\u00a0\u00e9 ideal para trazer praticidade e seguran\u00e7a para sua resid\u00eancia, empresa ou at\u00e9 mesmo ind\u00fastria. Este dispositivo conta com o receptor incorporado para controles remotos de 433 MHZ code learning, podendo ser cadastrado at\u00e9 100 controles.<\/p>\n<p>Utilizando o acess\u00f3rio o\u00a0<strong>GAREN SETUP<\/strong>\u00a0 em conjunto com o\u00a0<strong>Kit Central Wi-Fi<\/strong>, \u00e9 poss\u00edvel dar o comando de abertura ou fechamento da porta de enrolar diretamente do smartphone atrav\u00e9s do app<strong>\u00a0G.Smart 4.0.<\/strong><\/p>\n<p><strong>Itens inclusos:<\/strong><br \/>\n02 Controle Remoto \u2013 433mhz\u00a0\u00a0(TX PLAY BRANCO)<\/p>\n<p>01 Espelho para TX\u00a0PLAY<\/p>\n<p>Para utilizar com o\u00a0<strong>GAREN SETUP \u00e9 necess\u00e1rio que fa\u00e7a download do app G.Smart 4.0.<\/strong><\/p>\n<p><img fetchpriority=\"high\" decoding=\"async\" class=\"alignnone size-full wp-image-4037\" src=\"https:\/\/www.garen.com.br\/wp-content\/uploads\/2021\/03\/G-smart-site-bordas.png\" alt=\"G smart site bordas\" width=\"1000\" height=\"300\" \/><\/p>\n<\/div>\n<div class=\"box-info-tec\">\n<h2 id=\"title-info-tec\">ESPECIFICA\u00c7\u00d5ES T\u00c9CNICAS<\/h2>\n<ul>\n<li>Tens\u00e3o de alimenta\u00e7\u00e3o: 127V\/220V (conector do motor);<\/li>\n<li>Entrada de botoeira de acionamento, pulso negativo (BT), comando de abertura, parada e fechamento;<\/li>\n<li>Possui receptor incorporado para controles remotos 433 MHZ code learning (tx play), 100 controles;<\/li>\n<li>Jumper de revers\u00e3o de sentido (BI\/RC);<\/li>\n<li>Entrada para modulo setup Garen (Controle WiFi);<\/li>\n<li>Rele auxiliar para fechadura eletromagn\u00e9tica ou trava el\u00e9tricas;<\/li>\n<li>Sa\u00edda auxiliar de tens\u00e3o 12v para alimenta\u00e7\u00e3o da fotoc\u00e9lula (100mA);<\/li>\n<li>Entrada para fotoc\u00e9lula (FT).<\/li>\n<\/ul>\n<\/div>\n","protected":false},"featured_media":222,"template":"","meta":[],"product_brand":[],"product_cat":[42,31],"product_tag":[],"class_list":{"0":"post-221","1":"product","2":"type-product","3":"status-publish","4":"has-post-thumbnail","6":"product_cat-outros","7":"product_cat-pecas-acessorios","9":"first","10":"instock","11":"shipping-taxable","12":"product-type-simple"},"yoast_head":"<!-- This site is optimized with the Yoast SEO plugin v26.7 - https:\/\/yoast.com\/wordpress\/plugins\/seo\/ -->\n<title>KIT CENTRAL WI-FI \u2013 PORTA DE ENROLAR - Disel Distribuidora<\/title>\n<meta name=\"robots\" content=\"index, follow, max-snippet:-1, max-image-preview:large, max-video-preview:-1\" \/>\n<link rel=\"canonical\" href=\"https:\/\/diseldistribuidora.com.br\/?product=kit-central-wi-fi-porta-de-enrolar\" \/>\n<meta property=\"og:locale\" content=\"pt_BR\" \/>\n<meta property=\"og:type\" content=\"article\" \/>\n<meta property=\"og:title\" content=\"KIT CENTRAL WI-FI \u2013 PORTA DE ENROLAR - Disel Distribuidora\" \/>\n<meta property=\"og:description\" content=\"SIMPLES INSTALA\u00c7\u00c3O \u2013 PLUG AND PLAY! O\u00a0Kit Central Wi-Fi para Porta de Enrolar Garen\u00a0\u00e9 ideal para trazer praticidade e seguran\u00e7a para sua resid\u00eancia, empresa ou at\u00e9 mesmo ind\u00fastria. Este dispositivo conta com o receptor incorporado para controles remotos de 433 MHZ code learning, podendo ser cadastrado at\u00e9 100 controles.  Utilizando o acess\u00f3rio o\u00a0GAREN SETUP\u00a0 em conjunto com o\u00a0Kit Central Wi-Fi, \u00e9 poss\u00edvel dar o comando de abertura ou fechamento da porta de enrolar diretamente do smartphone atrav\u00e9s do app\u00a0G.Smart 4.0.  Itens inclusos: 02 Controle Remoto \u2013 433mhz\u00a0\u00a0(TX PLAY BRANCO)  01 Espelho para TX\u00a0PLAY  Para utilizar com o\u00a0GAREN SETUP \u00e9 necess\u00e1rio que fa\u00e7a download do app G.Smart 4.0.      ESPECIFICA\u00c7\u00d5ES T\u00c9CNICAS   Tens\u00e3o de alimenta\u00e7\u00e3o: 127V\/220V (conector do motor);  Entrada de botoeira de acionamento, pulso negativo (BT), comando de abertura, parada e fechamento;  Possui receptor incorporado para controles remotos 433 MHZ code learning (tx play), 100 controles;  Jumper de revers\u00e3o de sentido (BI\/RC);  Entrada para modulo setup Garen (Controle WiFi);  Rele auxiliar para fechadura eletromagn\u00e9tica ou trava el\u00e9tricas;  Sa\u00edda auxiliar de tens\u00e3o 12v para alimenta\u00e7\u00e3o da fotoc\u00e9lula (100mA);  Entrada para fotoc\u00e9lula (FT).\" \/>\n<meta property=\"og:url\" content=\"https:\/\/diseldistribuidora.com.br\/?product=kit-central-wi-fi-porta-de-enrolar\" \/>\n<meta property=\"og:site_name\" content=\"Disel Distribuidora\" \/>\n<meta property=\"article:modified_time\" content=\"2023-09-14T04:39:21+00:00\" \/>\n<meta property=\"og:image\" content=\"https:\/\/diseldistribuidora.com.br\/wp-content\/uploads\/2023\/07\/kit-central-wifi.png\" \/>\n\t<meta property=\"og:image:width\" content=\"300\" \/>\n\t<meta property=\"og:image:height\" content=\"300\" \/>\n\t<meta property=\"og:image:type\" content=\"image\/png\" \/>\n<meta name=\"twitter:card\" content=\"summary_large_image\" \/>\n<script type=\"application\/ld+json\" class=\"yoast-schema-graph\">{\"@context\":\"https:\/\/schema.org\",\"@graph\":[{\"@type\":\"WebPage\",\"@id\":\"https:\/\/diseldistribuidora.com.br\/?product=kit-central-wi-fi-porta-de-enrolar\",\"url\":\"https:\/\/diseldistribuidora.com.br\/?product=kit-central-wi-fi-porta-de-enrolar\",\"name\":\"KIT CENTRAL WI-FI \u2013 PORTA DE ENROLAR - Disel Distribuidora\",\"isPartOf\":{\"@id\":\"https:\/\/diseldistribuidora.com.br\/#website\"},\"primaryImageOfPage\":{\"@id\":\"https:\/\/diseldistribuidora.com.br\/?product=kit-central-wi-fi-porta-de-enrolar#primaryimage\"},\"image\":{\"@id\":\"https:\/\/diseldistribuidora.com.br\/?product=kit-central-wi-fi-porta-de-enrolar#primaryimage\"},\"thumbnailUrl\":\"https:\/\/diseldistribuidora.com.br\/wp-content\/uploads\/2023\/07\/kit-central-wifi.png\",\"datePublished\":\"2023-07-18T18:55:43+00:00\",\"dateModified\":\"2023-09-14T04:39:21+00:00\",\"breadcrumb\":{\"@id\":\"https:\/\/diseldistribuidora.com.br\/?product=kit-central-wi-fi-porta-de-enrolar#breadcrumb\"},\"inLanguage\":\"pt-BR\",\"potentialAction\":[{\"@type\":\"ReadAction\",\"target\":[\"https:\/\/diseldistribuidora.com.br\/?product=kit-central-wi-fi-porta-de-enrolar\"]}]},{\"@type\":\"ImageObject\",\"inLanguage\":\"pt-BR\",\"@id\":\"https:\/\/diseldistribuidora.com.br\/?product=kit-central-wi-fi-porta-de-enrolar#primaryimage\",\"url\":\"https:\/\/diseldistribuidora.com.br\/wp-content\/uploads\/2023\/07\/kit-central-wifi.png\",\"contentUrl\":\"https:\/\/diseldistribuidora.com.br\/wp-content\/uploads\/2023\/07\/kit-central-wifi.png\",\"width\":300,\"height\":300},{\"@type\":\"BreadcrumbList\",\"@id\":\"https:\/\/diseldistribuidora.com.br\/?product=kit-central-wi-fi-porta-de-enrolar#breadcrumb\",\"itemListElement\":[{\"@type\":\"ListItem\",\"position\":1,\"name\":\"In\u00edcio\",\"item\":\"https:\/\/diseldistribuidora.com.br\/\"},{\"@type\":\"ListItem\",\"position\":2,\"name\":\"Loja\",\"item\":\"https:\/\/diseldistribuidora.com.br\/?page_id=51\"},{\"@type\":\"ListItem\",\"position\":3,\"name\":\"KIT CENTRAL WI-FI \u2013 PORTA DE ENROLAR\"}]},{\"@type\":\"WebSite\",\"@id\":\"https:\/\/diseldistribuidora.com.br\/#website\",\"url\":\"https:\/\/diseldistribuidora.com.br\/\",\"name\":\"Disel Distribuidora\",\"description\":\"Como distribuidores l\u00edderes, colaboramos com as principais marcas do mercado para oferecer produtos de qualidade, garantindo a confiabilidade e a durabilidade de cada equipamento. Nossa matriz est\u00e1 estrategicamente localizada para atender \u00e0s necessidades de clientes de Rio Verge-GO e regi\u00e3o, mas temos unidades em Uberl\u00e2ndia-MG e Uberaba-MG.\",\"publisher\":{\"@id\":\"https:\/\/diseldistribuidora.com.br\/#organization\"},\"potentialAction\":[{\"@type\":\"SearchAction\",\"target\":{\"@type\":\"EntryPoint\",\"urlTemplate\":\"https:\/\/diseldistribuidora.com.br\/?s={search_term_string}\"},\"query-input\":{\"@type\":\"PropertyValueSpecification\",\"valueRequired\":true,\"valueName\":\"search_term_string\"}}],\"inLanguage\":\"pt-BR\"},{\"@type\":\"Organization\",\"@id\":\"https:\/\/diseldistribuidora.com.br\/#organization\",\"name\":\"Disel Distribuidora\",\"url\":\"https:\/\/diseldistribuidora.com.br\/\",\"logo\":{\"@type\":\"ImageObject\",\"inLanguage\":\"pt-BR\",\"@id\":\"https:\/\/diseldistribuidora.com.br\/#\/schema\/logo\/image\/\",\"url\":\"https:\/\/diseldistribuidora.com.br\/wp-content\/uploads\/2023\/06\/DISEL-DISTRIBUIDORA-PRODUTOS-SEGURANCA-ELETRONICA.png\",\"contentUrl\":\"https:\/\/diseldistribuidora.com.br\/wp-content\/uploads\/2023\/06\/DISEL-DISTRIBUIDORA-PRODUTOS-SEGURANCA-ELETRONICA.png\",\"width\":800,\"height\":530,\"caption\":\"Disel Distribuidora\"},\"image\":{\"@id\":\"https:\/\/diseldistribuidora.com.br\/#\/schema\/logo\/image\/\"}}]}<\/script>\n<!-- \/ Yoast SEO plugin. -->","yoast_head_json":{"title":"KIT CENTRAL WI-FI \u2013 PORTA DE ENROLAR - Disel Distribuidora","robots":{"index":"index","follow":"follow","max-snippet":"max-snippet:-1","max-image-preview":"max-image-preview:large","max-video-preview":"max-video-preview:-1"},"canonical":"https:\/\/diseldistribuidora.com.br\/?product=kit-central-wi-fi-porta-de-enrolar","og_locale":"pt_BR","og_type":"article","og_title":"KIT CENTRAL WI-FI \u2013 PORTA DE ENROLAR - Disel Distribuidora","og_description":"SIMPLES INSTALA\u00c7\u00c3O \u2013 PLUG AND PLAY! O\u00a0Kit Central Wi-Fi para Porta de Enrolar Garen\u00a0\u00e9 ideal para trazer praticidade e seguran\u00e7a para sua resid\u00eancia, empresa ou at\u00e9 mesmo ind\u00fastria. Este dispositivo conta com o receptor incorporado para controles remotos de 433 MHZ code learning, podendo ser cadastrado at\u00e9 100 controles.  Utilizando o acess\u00f3rio o\u00a0GAREN SETUP\u00a0 em conjunto com o\u00a0Kit Central Wi-Fi, \u00e9 poss\u00edvel dar o comando de abertura ou fechamento da porta de enrolar diretamente do smartphone atrav\u00e9s do app\u00a0G.Smart 4.0.  Itens inclusos: 02 Controle Remoto \u2013 433mhz\u00a0\u00a0(TX PLAY BRANCO)  01 Espelho para TX\u00a0PLAY  Para utilizar com o\u00a0GAREN SETUP \u00e9 necess\u00e1rio que fa\u00e7a download do app G.Smart 4.0.      ESPECIFICA\u00c7\u00d5ES T\u00c9CNICAS   Tens\u00e3o de alimenta\u00e7\u00e3o: 127V\/220V (conector do motor);  Entrada de botoeira de acionamento, pulso negativo (BT), comando de abertura, parada e fechamento;  Possui receptor incorporado para controles remotos 433 MHZ code learning (tx play), 100 controles;  Jumper de revers\u00e3o de sentido (BI\/RC);  Entrada para modulo setup Garen (Controle WiFi);  Rele auxiliar para fechadura eletromagn\u00e9tica ou trava el\u00e9tricas;  Sa\u00edda auxiliar de tens\u00e3o 12v para alimenta\u00e7\u00e3o da fotoc\u00e9lula (100mA);  Entrada para fotoc\u00e9lula (FT).","og_url":"https:\/\/diseldistribuidora.com.br\/?product=kit-central-wi-fi-porta-de-enrolar","og_site_name":"Disel Distribuidora","article_modified_time":"2023-09-14T04:39:21+00:00","og_image":[{"width":300,"height":300,"url":"https:\/\/diseldistribuidora.com.br\/wp-content\/uploads\/2023\/07\/kit-central-wifi.png","type":"image\/png"}],"twitter_card":"summary_large_image","schema":{"@context":"https:\/\/schema.org","@graph":[{"@type":"WebPage","@id":"https:\/\/diseldistribuidora.com.br\/?product=kit-central-wi-fi-porta-de-enrolar","url":"https:\/\/diseldistribuidora.com.br\/?product=kit-central-wi-fi-porta-de-enrolar","name":"KIT CENTRAL WI-FI \u2013 PORTA DE ENROLAR - Disel Distribuidora","isPartOf":{"@id":"https:\/\/diseldistribuidora.com.br\/#website"},"primaryImageOfPage":{"@id":"https:\/\/diseldistribuidora.com.br\/?product=kit-central-wi-fi-porta-de-enrolar#primaryimage"},"image":{"@id":"https:\/\/diseldistribuidora.com.br\/?product=kit-central-wi-fi-porta-de-enrolar#primaryimage"},"thumbnailUrl":"https:\/\/diseldistribuidora.com.br\/wp-content\/uploads\/2023\/07\/kit-central-wifi.png","datePublished":"2023-07-18T18:55:43+00:00","dateModified":"2023-09-14T04:39:21+00:00","breadcrumb":{"@id":"https:\/\/diseldistribuidora.com.br\/?product=kit-central-wi-fi-porta-de-enrolar#breadcrumb"},"inLanguage":"pt-BR","potentialAction":[{"@type":"ReadAction","target":["https:\/\/diseldistribuidora.com.br\/?product=kit-central-wi-fi-porta-de-enrolar"]}]},{"@type":"ImageObject","inLanguage":"pt-BR","@id":"https:\/\/diseldistribuidora.com.br\/?product=kit-central-wi-fi-porta-de-enrolar#primaryimage","url":"https:\/\/diseldistribuidora.com.br\/wp-content\/uploads\/2023\/07\/kit-central-wifi.png","contentUrl":"https:\/\/diseldistribuidora.com.br\/wp-content\/uploads\/2023\/07\/kit-central-wifi.png","width":300,"height":300},{"@type":"BreadcrumbList","@id":"https:\/\/diseldistribuidora.com.br\/?product=kit-central-wi-fi-porta-de-enrolar#breadcrumb","itemListElement":[{"@type":"ListItem","position":1,"name":"In\u00edcio","item":"https:\/\/diseldistribuidora.com.br\/"},{"@type":"ListItem","position":2,"name":"Loja","item":"https:\/\/diseldistribuidora.com.br\/?page_id=51"},{"@type":"ListItem","position":3,"name":"KIT CENTRAL WI-FI \u2013 PORTA DE ENROLAR"}]},{"@type":"WebSite","@id":"https:\/\/diseldistribuidora.com.br\/#website","url":"https:\/\/diseldistribuidora.com.br\/","name":"Disel Distribuidora","description":"Como distribuidores l\u00edderes, colaboramos com as principais marcas do mercado para oferecer produtos de qualidade, garantindo a confiabilidade e a durabilidade de cada equipamento. Nossa matriz est\u00e1 estrategicamente localizada para atender \u00e0s necessidades de clientes de Rio Verge-GO e regi\u00e3o, mas temos unidades em Uberl\u00e2ndia-MG e Uberaba-MG.","publisher":{"@id":"https:\/\/diseldistribuidora.com.br\/#organization"},"potentialAction":[{"@type":"SearchAction","target":{"@type":"EntryPoint","urlTemplate":"https:\/\/diseldistribuidora.com.br\/?s={search_term_string}"},"query-input":{"@type":"PropertyValueSpecification","valueRequired":true,"valueName":"search_term_string"}}],"inLanguage":"pt-BR"},{"@type":"Organization","@id":"https:\/\/diseldistribuidora.com.br\/#organization","name":"Disel Distribuidora","url":"https:\/\/diseldistribuidora.com.br\/","logo":{"@type":"ImageObject","inLanguage":"pt-BR","@id":"https:\/\/diseldistribuidora.com.br\/#\/schema\/logo\/image\/","url":"https:\/\/diseldistribuidora.com.br\/wp-content\/uploads\/2023\/06\/DISEL-DISTRIBUIDORA-PRODUTOS-SEGURANCA-ELETRONICA.png","contentUrl":"https:\/\/diseldistribuidora.com.br\/wp-content\/uploads\/2023\/06\/DISEL-DISTRIBUIDORA-PRODUTOS-SEGURANCA-ELETRONICA.png","width":800,"height":530,"caption":"Disel Distribuidora"},"image":{"@id":"https:\/\/diseldistribuidora.com.br\/#\/schema\/logo\/image\/"}}]}},"_links":{"self":[{"href":"https:\/\/diseldistribuidora.com.br\/index.php?rest_route=\/wp\/v2\/product\/221","targetHints":{"allow":["GET"]}}],"collection":[{"href":"https:\/\/diseldistribuidora.com.br\/index.php?rest_route=\/wp\/v2\/product"}],"about":[{"href":"https:\/\/diseldistribuidora.com.br\/index.php?rest_route=\/wp\/v2\/types\/product"}],"wp:featuredmedia":[{"embeddable":true,"href":"https:\/\/diseldistribuidora.com.br\/index.php?rest_route=\/wp\/v2\/media\/222"}],"wp:attachment":[{"href":"https:\/\/diseldistribuidora.com.br\/index.php?rest_route=%2Fwp%2Fv2%2Fmedia&parent=221"}],"wp:term":[{"taxonomy":"product_brand","embeddable":true,"href":"https:\/\/diseldistribuidora.com.br\/index.php?rest_route=%2Fwp%2Fv2%2Fproduct_brand&post=221"},{"taxonomy":"product_cat","embeddable":true,"href":"https:\/\/diseldistribuidora.com.br\/index.php?rest_route=%2Fwp%2Fv2%2Fproduct_cat&post=221"},{"taxonomy":"product_tag","embeddable":true,"href":"https:\/\/diseldistribuidora.com.br\/index.php?rest_route=%2Fwp%2Fv2%2Fproduct_tag&post=221"}],"curies":[{"name":"wp","href":"https:\/\/api.w.org\/{rel}","templated":true}]}}