{"id":278,"date":"2023-07-18T16:35:38","date_gmt":"2023-07-18T19:35:38","guid":{"rendered":"https:\/\/diseldistribuidora.com.br\/?post_type=product&#038;p=278"},"modified":"2023-09-14T01:32:45","modified_gmt":"2023-09-14T04:32:45","slug":"duoguard-sensor-dupla-tecnologia","status":"publish","type":"product","link":"https:\/\/diseldistribuidora.com.br\/?product=duoguard-sensor-dupla-tecnologia","title":{"rendered":"DuoGUARD Sensor Dupla Tecnologia"},"content":{"rendered":"","protected":false},"excerpt":{"rendered":"<h3 class=\"\">Dupla tecnologia para detec\u00e7\u00e3o de intrus\u00e3o.<\/h3>\n<div class=\"row\">\n<div class=\"col-md-12\">\n<p>O sensor de dupla tecnologia duoGuard re\u00fane o que existe de mais moderno em sistemas de detec\u00e7\u00e3o de intrus\u00e3o: um sensor piroel\u00e9trico e umsensor de microondas que, em conjunto com uma an\u00e1lise digital inteligente dos sinais, permite uma prote\u00e7\u00e3o mais segura, inibindo falsos disparos. O duoGuard possui compensa\u00e7\u00e3o de temperatura e uma lente fresnel especial PET-IMMUNITY que o torna imune a animais rasteiros at\u00e9 30Kg.<\/p>\n<ul>\n<li style=\"list-style-type: none;\">\n<ul>\n<li><strong>Alimenta\u00e7\u00e3o<\/strong>: 9 \u00e0 18 Vdc<\/li>\n<li><strong>Consumo m\u00e1ximo de corrente<\/strong>: 25 mA<\/li>\n<\/ul>\n<\/li>\n<\/ul>\n<p>&nbsp;<\/p>\n<ul>\n<li style=\"list-style-type: none;\">\n<ul>\n<li><strong>Frequ\u00eancia microondas<\/strong>: 10,525GHz<\/li>\n<li><strong>Tempo de estabiliza\u00e7\u00e3o inicial<\/strong>: aproximadamente 90,0 segundos<\/li>\n<li><strong>Dura\u00e7\u00e3o m\u00ednima do disparo<\/strong>: 2,0 segundos<\/li>\n<\/ul>\n<\/li>\n<\/ul>\n<p>&nbsp;<\/p>\n<ul>\n<li><strong>Dimens\u00e3o<\/strong>: 64,0 x 124,0 x 52,0 mm<\/li>\n<li><strong>Peso<\/strong>: 104,0 gramas<\/li>\n<\/ul>\n<\/div>\n<\/div>\n","protected":false},"featured_media":279,"template":"","meta":[],"product_brand":[],"product_cat":[27],"product_tag":[],"class_list":{"0":"post-278","1":"product","2":"type-product","3":"status-publish","4":"has-post-thumbnail","6":"product_cat-alarmes","8":"first","9":"instock","10":"shipping-taxable","11":"product-type-simple"},"yoast_head":"<!-- This site is optimized with the Yoast SEO plugin v26.7 - https:\/\/yoast.com\/wordpress\/plugins\/seo\/ -->\n<title>DuoGUARD Sensor Dupla Tecnologia - Disel Distribuidora<\/title>\n<meta name=\"robots\" content=\"index, follow, max-snippet:-1, max-image-preview:large, max-video-preview:-1\" \/>\n<link rel=\"canonical\" href=\"https:\/\/diseldistribuidora.com.br\/?product=duoguard-sensor-dupla-tecnologia\" \/>\n<meta property=\"og:locale\" content=\"pt_BR\" \/>\n<meta property=\"og:type\" content=\"article\" \/>\n<meta property=\"og:title\" content=\"DuoGUARD Sensor Dupla Tecnologia - Disel Distribuidora\" \/>\n<meta property=\"og:description\" content=\"Dupla tecnologia para detec\u00e7\u00e3o de intrus\u00e3o.    O sensor de dupla tecnologia duoGuard re\u00fane o que existe de mais moderno em sistemas de detec\u00e7\u00e3o de intrus\u00e3o: um sensor piroel\u00e9trico e umsensor de microondas que, em conjunto com uma an\u00e1lise digital inteligente dos sinais, permite uma prote\u00e7\u00e3o mais segura, inibindo falsos disparos. O duoGuard possui compensa\u00e7\u00e3o de temperatura e uma lente fresnel especial PET-IMMUNITY que o torna imune a animais rasteiros at\u00e9 30Kg.      Alimenta\u00e7\u00e3o: 9 \u00e0 18 Vdc  Consumo m\u00e1ximo de corrente: 25 mA    &nbsp;      Frequ\u00eancia microondas: 10,525GHz  Tempo de estabiliza\u00e7\u00e3o inicial: aproximadamente 90,0 segundos  Dura\u00e7\u00e3o m\u00ednima do disparo: 2,0 segundos    &nbsp;   Dimens\u00e3o: 64,0 x 124,0 x 52,0 mm  Peso: 104,0 gramas\" \/>\n<meta property=\"og:url\" content=\"https:\/\/diseldistribuidora.com.br\/?product=duoguard-sensor-dupla-tecnologia\" \/>\n<meta property=\"og:site_name\" content=\"Disel Distribuidora\" \/>\n<meta property=\"article:modified_time\" content=\"2023-09-14T04:32:45+00:00\" \/>\n<meta property=\"og:image\" content=\"https:\/\/diseldistribuidora.com.br\/wp-content\/uploads\/2023\/07\/duo-guard.png\" \/>\n\t<meta property=\"og:image:width\" content=\"600\" \/>\n\t<meta property=\"og:image:height\" content=\"600\" \/>\n\t<meta property=\"og:image:type\" content=\"image\/png\" \/>\n<meta name=\"twitter:card\" content=\"summary_large_image\" \/>\n<script type=\"application\/ld+json\" class=\"yoast-schema-graph\">{\"@context\":\"https:\/\/schema.org\",\"@graph\":[{\"@type\":\"WebPage\",\"@id\":\"https:\/\/diseldistribuidora.com.br\/?product=duoguard-sensor-dupla-tecnologia\",\"url\":\"https:\/\/diseldistribuidora.com.br\/?product=duoguard-sensor-dupla-tecnologia\",\"name\":\"DuoGUARD Sensor Dupla Tecnologia - Disel Distribuidora\",\"isPartOf\":{\"@id\":\"https:\/\/diseldistribuidora.com.br\/#website\"},\"primaryImageOfPage\":{\"@id\":\"https:\/\/diseldistribuidora.com.br\/?product=duoguard-sensor-dupla-tecnologia#primaryimage\"},\"image\":{\"@id\":\"https:\/\/diseldistribuidora.com.br\/?product=duoguard-sensor-dupla-tecnologia#primaryimage\"},\"thumbnailUrl\":\"https:\/\/diseldistribuidora.com.br\/wp-content\/uploads\/2023\/07\/duo-guard.png\",\"datePublished\":\"2023-07-18T19:35:38+00:00\",\"dateModified\":\"2023-09-14T04:32:45+00:00\",\"breadcrumb\":{\"@id\":\"https:\/\/diseldistribuidora.com.br\/?product=duoguard-sensor-dupla-tecnologia#breadcrumb\"},\"inLanguage\":\"pt-BR\",\"potentialAction\":[{\"@type\":\"ReadAction\",\"target\":[\"https:\/\/diseldistribuidora.com.br\/?product=duoguard-sensor-dupla-tecnologia\"]}]},{\"@type\":\"ImageObject\",\"inLanguage\":\"pt-BR\",\"@id\":\"https:\/\/diseldistribuidora.com.br\/?product=duoguard-sensor-dupla-tecnologia#primaryimage\",\"url\":\"https:\/\/diseldistribuidora.com.br\/wp-content\/uploads\/2023\/07\/duo-guard.png\",\"contentUrl\":\"https:\/\/diseldistribuidora.com.br\/wp-content\/uploads\/2023\/07\/duo-guard.png\",\"width\":600,\"height\":600},{\"@type\":\"BreadcrumbList\",\"@id\":\"https:\/\/diseldistribuidora.com.br\/?product=duoguard-sensor-dupla-tecnologia#breadcrumb\",\"itemListElement\":[{\"@type\":\"ListItem\",\"position\":1,\"name\":\"In\u00edcio\",\"item\":\"https:\/\/diseldistribuidora.com.br\/\"},{\"@type\":\"ListItem\",\"position\":2,\"name\":\"Loja\",\"item\":\"https:\/\/diseldistribuidora.com.br\/?page_id=51\"},{\"@type\":\"ListItem\",\"position\":3,\"name\":\"DuoGUARD Sensor Dupla Tecnologia\"}]},{\"@type\":\"WebSite\",\"@id\":\"https:\/\/diseldistribuidora.com.br\/#website\",\"url\":\"https:\/\/diseldistribuidora.com.br\/\",\"name\":\"Disel Distribuidora\",\"description\":\"Como distribuidores l\u00edderes, colaboramos com as principais marcas do mercado para oferecer produtos de qualidade, garantindo a confiabilidade e a durabilidade de cada equipamento. Nossa matriz est\u00e1 estrategicamente localizada para atender \u00e0s necessidades de clientes de Rio Verge-GO e regi\u00e3o, mas temos unidades em Uberl\u00e2ndia-MG e Uberaba-MG.\",\"publisher\":{\"@id\":\"https:\/\/diseldistribuidora.com.br\/#organization\"},\"potentialAction\":[{\"@type\":\"SearchAction\",\"target\":{\"@type\":\"EntryPoint\",\"urlTemplate\":\"https:\/\/diseldistribuidora.com.br\/?s={search_term_string}\"},\"query-input\":{\"@type\":\"PropertyValueSpecification\",\"valueRequired\":true,\"valueName\":\"search_term_string\"}}],\"inLanguage\":\"pt-BR\"},{\"@type\":\"Organization\",\"@id\":\"https:\/\/diseldistribuidora.com.br\/#organization\",\"name\":\"Disel Distribuidora\",\"url\":\"https:\/\/diseldistribuidora.com.br\/\",\"logo\":{\"@type\":\"ImageObject\",\"inLanguage\":\"pt-BR\",\"@id\":\"https:\/\/diseldistribuidora.com.br\/#\/schema\/logo\/image\/\",\"url\":\"https:\/\/diseldistribuidora.com.br\/wp-content\/uploads\/2023\/06\/DISEL-DISTRIBUIDORA-PRODUTOS-SEGURANCA-ELETRONICA.png\",\"contentUrl\":\"https:\/\/diseldistribuidora.com.br\/wp-content\/uploads\/2023\/06\/DISEL-DISTRIBUIDORA-PRODUTOS-SEGURANCA-ELETRONICA.png\",\"width\":800,\"height\":530,\"caption\":\"Disel Distribuidora\"},\"image\":{\"@id\":\"https:\/\/diseldistribuidora.com.br\/#\/schema\/logo\/image\/\"}}]}<\/script>\n<!-- \/ Yoast SEO plugin. -->","yoast_head_json":{"title":"DuoGUARD Sensor Dupla Tecnologia - Disel Distribuidora","robots":{"index":"index","follow":"follow","max-snippet":"max-snippet:-1","max-image-preview":"max-image-preview:large","max-video-preview":"max-video-preview:-1"},"canonical":"https:\/\/diseldistribuidora.com.br\/?product=duoguard-sensor-dupla-tecnologia","og_locale":"pt_BR","og_type":"article","og_title":"DuoGUARD Sensor Dupla Tecnologia - Disel Distribuidora","og_description":"Dupla tecnologia para detec\u00e7\u00e3o de intrus\u00e3o.    O sensor de dupla tecnologia duoGuard re\u00fane o que existe de mais moderno em sistemas de detec\u00e7\u00e3o de intrus\u00e3o: um sensor piroel\u00e9trico e umsensor de microondas que, em conjunto com uma an\u00e1lise digital inteligente dos sinais, permite uma prote\u00e7\u00e3o mais segura, inibindo falsos disparos. O duoGuard possui compensa\u00e7\u00e3o de temperatura e uma lente fresnel especial PET-IMMUNITY que o torna imune a animais rasteiros at\u00e9 30Kg.      Alimenta\u00e7\u00e3o: 9 \u00e0 18 Vdc  Consumo m\u00e1ximo de corrente: 25 mA    &nbsp;      Frequ\u00eancia microondas: 10,525GHz  Tempo de estabiliza\u00e7\u00e3o inicial: aproximadamente 90,0 segundos  Dura\u00e7\u00e3o m\u00ednima do disparo: 2,0 segundos    &nbsp;   Dimens\u00e3o: 64,0 x 124,0 x 52,0 mm  Peso: 104,0 gramas","og_url":"https:\/\/diseldistribuidora.com.br\/?product=duoguard-sensor-dupla-tecnologia","og_site_name":"Disel Distribuidora","article_modified_time":"2023-09-14T04:32:45+00:00","og_image":[{"width":600,"height":600,"url":"https:\/\/diseldistribuidora.com.br\/wp-content\/uploads\/2023\/07\/duo-guard.png","type":"image\/png"}],"twitter_card":"summary_large_image","schema":{"@context":"https:\/\/schema.org","@graph":[{"@type":"WebPage","@id":"https:\/\/diseldistribuidora.com.br\/?product=duoguard-sensor-dupla-tecnologia","url":"https:\/\/diseldistribuidora.com.br\/?product=duoguard-sensor-dupla-tecnologia","name":"DuoGUARD Sensor Dupla Tecnologia - Disel Distribuidora","isPartOf":{"@id":"https:\/\/diseldistribuidora.com.br\/#website"},"primaryImageOfPage":{"@id":"https:\/\/diseldistribuidora.com.br\/?product=duoguard-sensor-dupla-tecnologia#primaryimage"},"image":{"@id":"https:\/\/diseldistribuidora.com.br\/?product=duoguard-sensor-dupla-tecnologia#primaryimage"},"thumbnailUrl":"https:\/\/diseldistribuidora.com.br\/wp-content\/uploads\/2023\/07\/duo-guard.png","datePublished":"2023-07-18T19:35:38+00:00","dateModified":"2023-09-14T04:32:45+00:00","breadcrumb":{"@id":"https:\/\/diseldistribuidora.com.br\/?product=duoguard-sensor-dupla-tecnologia#breadcrumb"},"inLanguage":"pt-BR","potentialAction":[{"@type":"ReadAction","target":["https:\/\/diseldistribuidora.com.br\/?product=duoguard-sensor-dupla-tecnologia"]}]},{"@type":"ImageObject","inLanguage":"pt-BR","@id":"https:\/\/diseldistribuidora.com.br\/?product=duoguard-sensor-dupla-tecnologia#primaryimage","url":"https:\/\/diseldistribuidora.com.br\/wp-content\/uploads\/2023\/07\/duo-guard.png","contentUrl":"https:\/\/diseldistribuidora.com.br\/wp-content\/uploads\/2023\/07\/duo-guard.png","width":600,"height":600},{"@type":"BreadcrumbList","@id":"https:\/\/diseldistribuidora.com.br\/?product=duoguard-sensor-dupla-tecnologia#breadcrumb","itemListElement":[{"@type":"ListItem","position":1,"name":"In\u00edcio","item":"https:\/\/diseldistribuidora.com.br\/"},{"@type":"ListItem","position":2,"name":"Loja","item":"https:\/\/diseldistribuidora.com.br\/?page_id=51"},{"@type":"ListItem","position":3,"name":"DuoGUARD Sensor Dupla Tecnologia"}]},{"@type":"WebSite","@id":"https:\/\/diseldistribuidora.com.br\/#website","url":"https:\/\/diseldistribuidora.com.br\/","name":"Disel Distribuidora","description":"Como distribuidores l\u00edderes, colaboramos com as principais marcas do mercado para oferecer produtos de qualidade, garantindo a confiabilidade e a durabilidade de cada equipamento. Nossa matriz est\u00e1 estrategicamente localizada para atender \u00e0s necessidades de clientes de Rio Verge-GO e regi\u00e3o, mas temos unidades em Uberl\u00e2ndia-MG e Uberaba-MG.","publisher":{"@id":"https:\/\/diseldistribuidora.com.br\/#organization"},"potentialAction":[{"@type":"SearchAction","target":{"@type":"EntryPoint","urlTemplate":"https:\/\/diseldistribuidora.com.br\/?s={search_term_string}"},"query-input":{"@type":"PropertyValueSpecification","valueRequired":true,"valueName":"search_term_string"}}],"inLanguage":"pt-BR"},{"@type":"Organization","@id":"https:\/\/diseldistribuidora.com.br\/#organization","name":"Disel Distribuidora","url":"https:\/\/diseldistribuidora.com.br\/","logo":{"@type":"ImageObject","inLanguage":"pt-BR","@id":"https:\/\/diseldistribuidora.com.br\/#\/schema\/logo\/image\/","url":"https:\/\/diseldistribuidora.com.br\/wp-content\/uploads\/2023\/06\/DISEL-DISTRIBUIDORA-PRODUTOS-SEGURANCA-ELETRONICA.png","contentUrl":"https:\/\/diseldistribuidora.com.br\/wp-content\/uploads\/2023\/06\/DISEL-DISTRIBUIDORA-PRODUTOS-SEGURANCA-ELETRONICA.png","width":800,"height":530,"caption":"Disel Distribuidora"},"image":{"@id":"https:\/\/diseldistribuidora.com.br\/#\/schema\/logo\/image\/"}}]}},"_links":{"self":[{"href":"https:\/\/diseldistribuidora.com.br\/index.php?rest_route=\/wp\/v2\/product\/278","targetHints":{"allow":["GET"]}}],"collection":[{"href":"https:\/\/diseldistribuidora.com.br\/index.php?rest_route=\/wp\/v2\/product"}],"about":[{"href":"https:\/\/diseldistribuidora.com.br\/index.php?rest_route=\/wp\/v2\/types\/product"}],"wp:featuredmedia":[{"embeddable":true,"href":"https:\/\/diseldistribuidora.com.br\/index.php?rest_route=\/wp\/v2\/media\/279"}],"wp:attachment":[{"href":"https:\/\/diseldistribuidora.com.br\/index.php?rest_route=%2Fwp%2Fv2%2Fmedia&parent=278"}],"wp:term":[{"taxonomy":"product_brand","embeddable":true,"href":"https:\/\/diseldistribuidora.com.br\/index.php?rest_route=%2Fwp%2Fv2%2Fproduct_brand&post=278"},{"taxonomy":"product_cat","embeddable":true,"href":"https:\/\/diseldistribuidora.com.br\/index.php?rest_route=%2Fwp%2Fv2%2Fproduct_cat&post=278"},{"taxonomy":"product_tag","embeddable":true,"href":"https:\/\/diseldistribuidora.com.br\/index.php?rest_route=%2Fwp%2Fv2%2Fproduct_tag&post=278"}],"curies":[{"name":"wp","href":"https:\/\/api.w.org\/{rel}","templated":true}]}}