{"id":292,"date":"2023-07-19T00:14:15","date_gmt":"2023-07-19T03:14:15","guid":{"rendered":"https:\/\/diseldistribuidora.com.br\/?post_type=product&#038;p=292"},"modified":"2023-09-14T01:29:38","modified_gmt":"2023-09-14T04:29:38","slug":"fechadura-al100r-tetra-preta","status":"publish","type":"product","link":"https:\/\/diseldistribuidora.com.br\/?product=fechadura-al100r-tetra-preta","title":{"rendered":"Fechadura AL100R Tetra Preta"},"content":{"rendered":"","protected":false},"excerpt":{"rendered":"<p class=\"font_7 wixui-rich-text__text\"><span class=\"wixui-rich-text__text\"><span class=\"color_18 wixui-rich-text__text\">CARACTER\u00cdSTICAS:<\/span><\/span><\/p>\n<p class=\"font_7 wixui-rich-text__text\"><span class=\"wixui-rich-text__text\"><span class=\"wixGuard wixui-rich-text__text\">\u200b<\/span><\/span><\/p>\n<ul class=\"color_18 font_7 wixui-rich-text__text\">\n<li class=\"wixui-rich-text__text\">\n<p class=\"font_7 wixui-rich-text__text\"><span class=\"wixui-rich-text__text\">Dispon\u00edvel em modelos: AL100 ou AL100R (Revers\u00edvel), no<span class=\"color_18 wixui-rich-text__text\">\u00a0<\/span><span class=\"color_18 wixui-rich-text__text\">tamanho convencional e modelo mini (15% menor);<\/span><\/span><\/p>\n<\/li>\n<li class=\"wixui-rich-text__text\">\n<p class=\"font_7 wixui-rich-text__text\"><span class=\"wixui-rich-text__text\">Diversos modelos de abertura por: Chave simples, Chave tetra, ou abertura por Bot\u00e3o;<\/span><\/p>\n<\/li>\n<li class=\"wixui-rich-text__text\">\n<p class=\"font_7 wixui-rich-text__text\"><span class=\"wixui-rich-text__text\"><span class=\"color_18 wixui-rich-text__text\">Dispon\u00edvel em 12V ou 110V;<\/span><\/span><\/p>\n<\/li>\n<li class=\"wixui-rich-text__text\">\n<p class=\"font_7 wixui-rich-text__text\"><span class=\"wixui-rich-text__text\"><span class=\"color_18 wixui-rich-text__text\">Liga\u00e7\u00e3o: 12V atrav\u00e9s de porteiros eletr\u00f4nicos, acionadores e controles de acesso;<\/span><\/span><\/p>\n<\/li>\n<li class=\"wixui-rich-text__text\">\n<p class=\"font_7 wixui-rich-text__text\"><span class=\"wixui-rich-text__text\"><span class=\"color_18 wixui-rich-text__text\">Liga\u00e7\u00e3o: 110V direto na rede el\u00e9trica, sendo acionada por apenas uma botoeira\/campainha;<\/span><\/span><\/p>\n<\/li>\n<li class=\"wixui-rich-text__text\">\n<p class=\"font_7 wixui-rich-text__text\"><span class=\"wixui-rich-text__text\"><span class=\"color_18 wixui-rich-text__text\">Dispon\u00edvel em cilindro fixo ou ajust\u00e1vel;<\/span><\/span><\/p>\n<\/li>\n<li class=\"wixui-rich-text__text\">\n<p class=\"font_7 wixui-rich-text__text\"><span class=\"wixui-rich-text__text\"><span class=\"color_18 wixui-rich-text__text\">Dispon\u00edvel nas cores branca, preta, cinza e inox;<\/span><\/span><\/p>\n<\/li>\n<li class=\"wixui-rich-text__text\">\n<p class=\"font_7 wixui-rich-text__text\"><span class=\"wixui-rich-text__text\"><span class=\"color_18 wixui-rich-text__text\">Poss\u00edvel ser acionada via aplicativo, ao integrar m\u00f3dulo wi-fi\u00a0<a class=\"wixui-rich-text__text\" href=\"https:\/\/www.aglbrasil.com\/modulo-ultra-contato\" target=\"_self\" rel=\"noopener\">ultra contato<\/a>\u00a0(item n\u00e3o incluso), em sua instala\u00e7\u00e3o.<\/span><\/span><\/p>\n<\/li>\n<\/ul>\n","protected":false},"featured_media":303,"template":"","meta":[],"product_brand":[],"product_cat":[28],"product_tag":[],"class_list":{"0":"post-292","1":"product","2":"type-product","3":"status-publish","4":"has-post-thumbnail","6":"product_cat-fechaduras","8":"first","9":"instock","10":"shipping-taxable","11":"product-type-simple"},"yoast_head":"<!-- This site is optimized with the Yoast SEO plugin v26.7 - https:\/\/yoast.com\/wordpress\/plugins\/seo\/ -->\n<title>Fechadura AL100R Tetra Preta - Disel Distribuidora<\/title>\n<meta name=\"robots\" content=\"index, follow, max-snippet:-1, max-image-preview:large, max-video-preview:-1\" \/>\n<link rel=\"canonical\" href=\"https:\/\/diseldistribuidora.com.br\/?product=fechadura-al100r-tetra-preta\" \/>\n<meta property=\"og:locale\" content=\"pt_BR\" \/>\n<meta property=\"og:type\" content=\"article\" \/>\n<meta property=\"og:title\" content=\"Fechadura AL100R Tetra Preta - Disel Distribuidora\" \/>\n<meta property=\"og:description\" content=\"CARACTER\u00cdSTICAS: \u200b     Dispon\u00edvel em modelos: AL100 ou AL100R (Revers\u00edvel), no\u00a0tamanho convencional e modelo mini (15% menor);    Diversos modelos de abertura por: Chave simples, Chave tetra, ou abertura por Bot\u00e3o;    Dispon\u00edvel em 12V ou 110V;    Liga\u00e7\u00e3o: 12V atrav\u00e9s de porteiros eletr\u00f4nicos, acionadores e controles de acesso;    Liga\u00e7\u00e3o: 110V direto na rede el\u00e9trica, sendo acionada por apenas uma botoeira\/campainha;    Dispon\u00edvel em cilindro fixo ou ajust\u00e1vel;    Dispon\u00edvel nas cores branca, preta, cinza e inox;    Poss\u00edvel ser acionada via aplicativo, ao integrar m\u00f3dulo wi-fi\u00a0ultra contato\u00a0(item n\u00e3o incluso), em sua instala\u00e7\u00e3o.\" \/>\n<meta property=\"og:url\" content=\"https:\/\/diseldistribuidora.com.br\/?product=fechadura-al100r-tetra-preta\" \/>\n<meta property=\"og:site_name\" content=\"Disel Distribuidora\" \/>\n<meta property=\"article:modified_time\" content=\"2023-09-14T04:29:38+00:00\" \/>\n<meta property=\"og:image\" content=\"https:\/\/diseldistribuidora.com.br\/wp-content\/uploads\/2023\/07\/fechadura-preta.png\" \/>\n\t<meta property=\"og:image:width\" content=\"641\" \/>\n\t<meta property=\"og:image:height\" content=\"640\" \/>\n\t<meta property=\"og:image:type\" content=\"image\/png\" \/>\n<meta name=\"twitter:card\" content=\"summary_large_image\" \/>\n<script type=\"application\/ld+json\" class=\"yoast-schema-graph\">{\"@context\":\"https:\/\/schema.org\",\"@graph\":[{\"@type\":\"WebPage\",\"@id\":\"https:\/\/diseldistribuidora.com.br\/?product=fechadura-al100r-tetra-preta\",\"url\":\"https:\/\/diseldistribuidora.com.br\/?product=fechadura-al100r-tetra-preta\",\"name\":\"Fechadura AL100R Tetra Preta - Disel Distribuidora\",\"isPartOf\":{\"@id\":\"https:\/\/diseldistribuidora.com.br\/#website\"},\"primaryImageOfPage\":{\"@id\":\"https:\/\/diseldistribuidora.com.br\/?product=fechadura-al100r-tetra-preta#primaryimage\"},\"image\":{\"@id\":\"https:\/\/diseldistribuidora.com.br\/?product=fechadura-al100r-tetra-preta#primaryimage\"},\"thumbnailUrl\":\"https:\/\/diseldistribuidora.com.br\/wp-content\/uploads\/2023\/07\/fechadura-preta.png\",\"datePublished\":\"2023-07-19T03:14:15+00:00\",\"dateModified\":\"2023-09-14T04:29:38+00:00\",\"breadcrumb\":{\"@id\":\"https:\/\/diseldistribuidora.com.br\/?product=fechadura-al100r-tetra-preta#breadcrumb\"},\"inLanguage\":\"pt-BR\",\"potentialAction\":[{\"@type\":\"ReadAction\",\"target\":[\"https:\/\/diseldistribuidora.com.br\/?product=fechadura-al100r-tetra-preta\"]}]},{\"@type\":\"ImageObject\",\"inLanguage\":\"pt-BR\",\"@id\":\"https:\/\/diseldistribuidora.com.br\/?product=fechadura-al100r-tetra-preta#primaryimage\",\"url\":\"https:\/\/diseldistribuidora.com.br\/wp-content\/uploads\/2023\/07\/fechadura-preta.png\",\"contentUrl\":\"https:\/\/diseldistribuidora.com.br\/wp-content\/uploads\/2023\/07\/fechadura-preta.png\",\"width\":641,\"height\":640},{\"@type\":\"BreadcrumbList\",\"@id\":\"https:\/\/diseldistribuidora.com.br\/?product=fechadura-al100r-tetra-preta#breadcrumb\",\"itemListElement\":[{\"@type\":\"ListItem\",\"position\":1,\"name\":\"In\u00edcio\",\"item\":\"https:\/\/diseldistribuidora.com.br\/\"},{\"@type\":\"ListItem\",\"position\":2,\"name\":\"Loja\",\"item\":\"https:\/\/diseldistribuidora.com.br\/?page_id=51\"},{\"@type\":\"ListItem\",\"position\":3,\"name\":\"Fechadura AL100R Tetra Preta\"}]},{\"@type\":\"WebSite\",\"@id\":\"https:\/\/diseldistribuidora.com.br\/#website\",\"url\":\"https:\/\/diseldistribuidora.com.br\/\",\"name\":\"Disel Distribuidora\",\"description\":\"Como distribuidores l\u00edderes, colaboramos com as principais marcas do mercado para oferecer produtos de qualidade, garantindo a confiabilidade e a durabilidade de cada equipamento. Nossa matriz est\u00e1 estrategicamente localizada para atender \u00e0s necessidades de clientes de Rio Verge-GO e regi\u00e3o, mas temos unidades em Uberl\u00e2ndia-MG e Uberaba-MG.\",\"publisher\":{\"@id\":\"https:\/\/diseldistribuidora.com.br\/#organization\"},\"potentialAction\":[{\"@type\":\"SearchAction\",\"target\":{\"@type\":\"EntryPoint\",\"urlTemplate\":\"https:\/\/diseldistribuidora.com.br\/?s={search_term_string}\"},\"query-input\":{\"@type\":\"PropertyValueSpecification\",\"valueRequired\":true,\"valueName\":\"search_term_string\"}}],\"inLanguage\":\"pt-BR\"},{\"@type\":\"Organization\",\"@id\":\"https:\/\/diseldistribuidora.com.br\/#organization\",\"name\":\"Disel Distribuidora\",\"url\":\"https:\/\/diseldistribuidora.com.br\/\",\"logo\":{\"@type\":\"ImageObject\",\"inLanguage\":\"pt-BR\",\"@id\":\"https:\/\/diseldistribuidora.com.br\/#\/schema\/logo\/image\/\",\"url\":\"https:\/\/diseldistribuidora.com.br\/wp-content\/uploads\/2023\/06\/DISEL-DISTRIBUIDORA-PRODUTOS-SEGURANCA-ELETRONICA.png\",\"contentUrl\":\"https:\/\/diseldistribuidora.com.br\/wp-content\/uploads\/2023\/06\/DISEL-DISTRIBUIDORA-PRODUTOS-SEGURANCA-ELETRONICA.png\",\"width\":800,\"height\":530,\"caption\":\"Disel Distribuidora\"},\"image\":{\"@id\":\"https:\/\/diseldistribuidora.com.br\/#\/schema\/logo\/image\/\"}}]}<\/script>\n<!-- \/ Yoast SEO plugin. -->","yoast_head_json":{"title":"Fechadura AL100R Tetra Preta - Disel Distribuidora","robots":{"index":"index","follow":"follow","max-snippet":"max-snippet:-1","max-image-preview":"max-image-preview:large","max-video-preview":"max-video-preview:-1"},"canonical":"https:\/\/diseldistribuidora.com.br\/?product=fechadura-al100r-tetra-preta","og_locale":"pt_BR","og_type":"article","og_title":"Fechadura AL100R Tetra Preta - Disel Distribuidora","og_description":"CARACTER\u00cdSTICAS: \u200b     Dispon\u00edvel em modelos: AL100 ou AL100R (Revers\u00edvel), no\u00a0tamanho convencional e modelo mini (15% menor);    Diversos modelos de abertura por: Chave simples, Chave tetra, ou abertura por Bot\u00e3o;    Dispon\u00edvel em 12V ou 110V;    Liga\u00e7\u00e3o: 12V atrav\u00e9s de porteiros eletr\u00f4nicos, acionadores e controles de acesso;    Liga\u00e7\u00e3o: 110V direto na rede el\u00e9trica, sendo acionada por apenas uma botoeira\/campainha;    Dispon\u00edvel em cilindro fixo ou ajust\u00e1vel;    Dispon\u00edvel nas cores branca, preta, cinza e inox;    Poss\u00edvel ser acionada via aplicativo, ao integrar m\u00f3dulo wi-fi\u00a0ultra contato\u00a0(item n\u00e3o incluso), em sua instala\u00e7\u00e3o.","og_url":"https:\/\/diseldistribuidora.com.br\/?product=fechadura-al100r-tetra-preta","og_site_name":"Disel Distribuidora","article_modified_time":"2023-09-14T04:29:38+00:00","og_image":[{"width":641,"height":640,"url":"https:\/\/diseldistribuidora.com.br\/wp-content\/uploads\/2023\/07\/fechadura-preta.png","type":"image\/png"}],"twitter_card":"summary_large_image","schema":{"@context":"https:\/\/schema.org","@graph":[{"@type":"WebPage","@id":"https:\/\/diseldistribuidora.com.br\/?product=fechadura-al100r-tetra-preta","url":"https:\/\/diseldistribuidora.com.br\/?product=fechadura-al100r-tetra-preta","name":"Fechadura AL100R Tetra Preta - Disel Distribuidora","isPartOf":{"@id":"https:\/\/diseldistribuidora.com.br\/#website"},"primaryImageOfPage":{"@id":"https:\/\/diseldistribuidora.com.br\/?product=fechadura-al100r-tetra-preta#primaryimage"},"image":{"@id":"https:\/\/diseldistribuidora.com.br\/?product=fechadura-al100r-tetra-preta#primaryimage"},"thumbnailUrl":"https:\/\/diseldistribuidora.com.br\/wp-content\/uploads\/2023\/07\/fechadura-preta.png","datePublished":"2023-07-19T03:14:15+00:00","dateModified":"2023-09-14T04:29:38+00:00","breadcrumb":{"@id":"https:\/\/diseldistribuidora.com.br\/?product=fechadura-al100r-tetra-preta#breadcrumb"},"inLanguage":"pt-BR","potentialAction":[{"@type":"ReadAction","target":["https:\/\/diseldistribuidora.com.br\/?product=fechadura-al100r-tetra-preta"]}]},{"@type":"ImageObject","inLanguage":"pt-BR","@id":"https:\/\/diseldistribuidora.com.br\/?product=fechadura-al100r-tetra-preta#primaryimage","url":"https:\/\/diseldistribuidora.com.br\/wp-content\/uploads\/2023\/07\/fechadura-preta.png","contentUrl":"https:\/\/diseldistribuidora.com.br\/wp-content\/uploads\/2023\/07\/fechadura-preta.png","width":641,"height":640},{"@type":"BreadcrumbList","@id":"https:\/\/diseldistribuidora.com.br\/?product=fechadura-al100r-tetra-preta#breadcrumb","itemListElement":[{"@type":"ListItem","position":1,"name":"In\u00edcio","item":"https:\/\/diseldistribuidora.com.br\/"},{"@type":"ListItem","position":2,"name":"Loja","item":"https:\/\/diseldistribuidora.com.br\/?page_id=51"},{"@type":"ListItem","position":3,"name":"Fechadura AL100R Tetra Preta"}]},{"@type":"WebSite","@id":"https:\/\/diseldistribuidora.com.br\/#website","url":"https:\/\/diseldistribuidora.com.br\/","name":"Disel Distribuidora","description":"Como distribuidores l\u00edderes, colaboramos com as principais marcas do mercado para oferecer produtos de qualidade, garantindo a confiabilidade e a durabilidade de cada equipamento. Nossa matriz est\u00e1 estrategicamente localizada para atender \u00e0s necessidades de clientes de Rio Verge-GO e regi\u00e3o, mas temos unidades em Uberl\u00e2ndia-MG e Uberaba-MG.","publisher":{"@id":"https:\/\/diseldistribuidora.com.br\/#organization"},"potentialAction":[{"@type":"SearchAction","target":{"@type":"EntryPoint","urlTemplate":"https:\/\/diseldistribuidora.com.br\/?s={search_term_string}"},"query-input":{"@type":"PropertyValueSpecification","valueRequired":true,"valueName":"search_term_string"}}],"inLanguage":"pt-BR"},{"@type":"Organization","@id":"https:\/\/diseldistribuidora.com.br\/#organization","name":"Disel Distribuidora","url":"https:\/\/diseldistribuidora.com.br\/","logo":{"@type":"ImageObject","inLanguage":"pt-BR","@id":"https:\/\/diseldistribuidora.com.br\/#\/schema\/logo\/image\/","url":"https:\/\/diseldistribuidora.com.br\/wp-content\/uploads\/2023\/06\/DISEL-DISTRIBUIDORA-PRODUTOS-SEGURANCA-ELETRONICA.png","contentUrl":"https:\/\/diseldistribuidora.com.br\/wp-content\/uploads\/2023\/06\/DISEL-DISTRIBUIDORA-PRODUTOS-SEGURANCA-ELETRONICA.png","width":800,"height":530,"caption":"Disel Distribuidora"},"image":{"@id":"https:\/\/diseldistribuidora.com.br\/#\/schema\/logo\/image\/"}}]}},"_links":{"self":[{"href":"https:\/\/diseldistribuidora.com.br\/index.php?rest_route=\/wp\/v2\/product\/292","targetHints":{"allow":["GET"]}}],"collection":[{"href":"https:\/\/diseldistribuidora.com.br\/index.php?rest_route=\/wp\/v2\/product"}],"about":[{"href":"https:\/\/diseldistribuidora.com.br\/index.php?rest_route=\/wp\/v2\/types\/product"}],"wp:featuredmedia":[{"embeddable":true,"href":"https:\/\/diseldistribuidora.com.br\/index.php?rest_route=\/wp\/v2\/media\/303"}],"wp:attachment":[{"href":"https:\/\/diseldistribuidora.com.br\/index.php?rest_route=%2Fwp%2Fv2%2Fmedia&parent=292"}],"wp:term":[{"taxonomy":"product_brand","embeddable":true,"href":"https:\/\/diseldistribuidora.com.br\/index.php?rest_route=%2Fwp%2Fv2%2Fproduct_brand&post=292"},{"taxonomy":"product_cat","embeddable":true,"href":"https:\/\/diseldistribuidora.com.br\/index.php?rest_route=%2Fwp%2Fv2%2Fproduct_cat&post=292"},{"taxonomy":"product_tag","embeddable":true,"href":"https:\/\/diseldistribuidora.com.br\/index.php?rest_route=%2Fwp%2Fv2%2Fproduct_tag&post=292"}],"curies":[{"name":"wp","href":"https:\/\/api.w.org\/{rel}","templated":true}]}}