{"id":352,"date":"2023-07-19T01:02:41","date_gmt":"2023-07-19T04:02:41","guid":{"rendered":"https:\/\/diseldistribuidora.com.br\/?post_type=product&#038;p=352"},"modified":"2023-09-14T01:14:50","modified_gmt":"2023-09-14T04:14:50","slug":"bateria-alcalina-lr626","status":"publish","type":"product","link":"https:\/\/diseldistribuidora.com.br\/?product=bateria-alcalina-lr626","title":{"rendered":"Bateria Alcalina LR626"},"content":{"rendered":"","protected":false},"excerpt":{"rendered":"<div id=\"divEspecificacoes\" class=\"col-md-4\">\n<h2 class=\"fontPrincipal fontTitulo fontLight\">ESPECIFICA\u00c7\u00d5ES T\u00c9CNICAS<\/h2>\n<hr class=\"marginTitulo\" \/>\n<div>\n<div>\n<h3 class=\"fontPrincipal fontEspecificacao fontRegular m-0\">Nome do produto<\/h3>\n<\/div>\n<div class=\"marginEspecificacao\">\n<p class=\"fontPrincipal fontEspecificacao fontLight m-0\">Bateria Alcalina LR626<\/p>\n<\/div>\n<\/div>\n<div class=\"ng-star-inserted\">\n<div>\n<h3 class=\"fontPrincipal fontEspecificacao fontRegular m-0\">Validade<\/h3>\n<\/div>\n<div class=\"marginEspecificacao\">\n<p class=\"fontPrincipal fontEspecificacao fontLight m-0\">5 anos<\/p>\n<\/div>\n<\/div>\n<div class=\"ng-star-inserted\">\n<div>\n<h3 class=\"fontPrincipal fontEspecificacao fontRegular m-0\">Voltagem<\/h3>\n<\/div>\n<div class=\"marginEspecificacao\">\n<p class=\"fontPrincipal fontEspecificacao fontLight m-0\">1,5V<\/p>\n<\/div>\n<\/div>\n<div class=\"ng-star-inserted\">\n<div>\n<h3 class=\"fontPrincipal fontEspecificacao fontRegular m-0\">Peso (Produto) kg<\/h3>\n<\/div>\n<div class=\"marginEspecificacao\">\n<p class=\"fontPrincipal fontEspecificacao fontLight m-0\">0,0003<\/p>\n<\/div>\n<\/div>\n<div class=\"ng-star-inserted\">\n<div>\n<h3 class=\"fontPrincipal fontEspecificacao fontRegular m-0\">Dimens\u00e3o (Produto)<\/h3>\n<\/div>\n<div class=\"marginEspecificacao\">\n<p class=\"fontPrincipal fontEspecificacao fontLight m-0\">2,54 x 6,76 mm<\/p>\n<\/div>\n<\/div>\n<\/div>\n<div id=\"divCaracteristicas\" class=\"col-md-4\">\n<h2 class=\"fontPrincipal fontTitulo fontLight\">CARACTER\u00cdSTICAS<\/h2>\n<hr class=\"marginTitulo\" \/>\n<div class=\"row align-items-center ng-star-inserted\">\n<div class=\"col-12 col-sm-12 m-b-20\">\n<p class=\"fontPrincipal fontCaracteristica fontLight\">Energy<\/p>\n<\/div>\n<\/div>\n<div class=\"row align-items-center ng-star-inserted\">\n<div class=\"col-12 col-sm-12 m-b-20\">\n<p class=\"fontPrincipal fontCaracteristica fontLight\">Alta dura\u00e7\u00e3o<\/p>\n<\/div>\n<\/div>\n<div class=\"row align-items-center ng-star-inserted\">\n<div class=\"col-12 col-sm-12 m-b-20\">\n<p class=\"fontPrincipal fontCaracteristica fontLight\">Economia<\/p>\n<\/div>\n<\/div>\n<\/div>\n","protected":false},"featured_media":354,"template":"","meta":[],"product_brand":[],"product_cat":[39],"product_tag":[],"class_list":{"0":"post-352","1":"product","2":"type-product","3":"status-publish","4":"has-post-thumbnail","6":"product_cat-baterias","8":"first","9":"instock","10":"shipping-taxable","11":"product-type-simple"},"yoast_head":"<!-- This site is optimized with the Yoast SEO plugin v26.7 - https:\/\/yoast.com\/wordpress\/plugins\/seo\/ -->\n<title>Bateria Alcalina LR626 - Disel Distribuidora<\/title>\n<meta name=\"robots\" content=\"index, follow, max-snippet:-1, max-image-preview:large, max-video-preview:-1\" \/>\n<link rel=\"canonical\" href=\"https:\/\/diseldistribuidora.com.br\/?product=bateria-alcalina-lr626\" \/>\n<meta property=\"og:locale\" content=\"pt_BR\" \/>\n<meta property=\"og:type\" content=\"article\" \/>\n<meta property=\"og:title\" content=\"Bateria Alcalina LR626 - Disel Distribuidora\" \/>\n<meta property=\"og:description\" content=\"ESPECIFICA\u00c7\u00d5ES T\u00c9CNICAS      Nome do produto   Bateria Alcalina LR626      Validade   5 anos      Voltagem   1,5V      Peso (Produto) kg   0,0003      Dimens\u00e3o (Produto)   2,54 x 6,76 mm      CARACTER\u00cdSTICAS      Energy      Alta dura\u00e7\u00e3o      Economia\" \/>\n<meta property=\"og:url\" content=\"https:\/\/diseldistribuidora.com.br\/?product=bateria-alcalina-lr626\" \/>\n<meta property=\"og:site_name\" content=\"Disel Distribuidora\" \/>\n<meta property=\"article:modified_time\" content=\"2023-09-14T04:14:50+00:00\" \/>\n<meta property=\"og:image\" content=\"https:\/\/diseldistribuidora.com.br\/wp-content\/uploads\/2023\/07\/bateria-alcalina-2.png\" \/>\n\t<meta property=\"og:image:width\" content=\"526\" \/>\n\t<meta property=\"og:image:height\" content=\"714\" \/>\n\t<meta property=\"og:image:type\" content=\"image\/png\" \/>\n<meta name=\"twitter:card\" content=\"summary_large_image\" \/>\n<script type=\"application\/ld+json\" class=\"yoast-schema-graph\">{\"@context\":\"https:\/\/schema.org\",\"@graph\":[{\"@type\":\"WebPage\",\"@id\":\"https:\/\/diseldistribuidora.com.br\/?product=bateria-alcalina-lr626\",\"url\":\"https:\/\/diseldistribuidora.com.br\/?product=bateria-alcalina-lr626\",\"name\":\"Bateria Alcalina LR626 - Disel Distribuidora\",\"isPartOf\":{\"@id\":\"https:\/\/diseldistribuidora.com.br\/#website\"},\"primaryImageOfPage\":{\"@id\":\"https:\/\/diseldistribuidora.com.br\/?product=bateria-alcalina-lr626#primaryimage\"},\"image\":{\"@id\":\"https:\/\/diseldistribuidora.com.br\/?product=bateria-alcalina-lr626#primaryimage\"},\"thumbnailUrl\":\"https:\/\/diseldistribuidora.com.br\/wp-content\/uploads\/2023\/07\/bateria-alcalina-2.png\",\"datePublished\":\"2023-07-19T04:02:41+00:00\",\"dateModified\":\"2023-09-14T04:14:50+00:00\",\"breadcrumb\":{\"@id\":\"https:\/\/diseldistribuidora.com.br\/?product=bateria-alcalina-lr626#breadcrumb\"},\"inLanguage\":\"pt-BR\",\"potentialAction\":[{\"@type\":\"ReadAction\",\"target\":[\"https:\/\/diseldistribuidora.com.br\/?product=bateria-alcalina-lr626\"]}]},{\"@type\":\"ImageObject\",\"inLanguage\":\"pt-BR\",\"@id\":\"https:\/\/diseldistribuidora.com.br\/?product=bateria-alcalina-lr626#primaryimage\",\"url\":\"https:\/\/diseldistribuidora.com.br\/wp-content\/uploads\/2023\/07\/bateria-alcalina-2.png\",\"contentUrl\":\"https:\/\/diseldistribuidora.com.br\/wp-content\/uploads\/2023\/07\/bateria-alcalina-2.png\",\"width\":526,\"height\":714},{\"@type\":\"BreadcrumbList\",\"@id\":\"https:\/\/diseldistribuidora.com.br\/?product=bateria-alcalina-lr626#breadcrumb\",\"itemListElement\":[{\"@type\":\"ListItem\",\"position\":1,\"name\":\"In\u00edcio\",\"item\":\"https:\/\/diseldistribuidora.com.br\/\"},{\"@type\":\"ListItem\",\"position\":2,\"name\":\"Loja\",\"item\":\"https:\/\/diseldistribuidora.com.br\/?page_id=51\"},{\"@type\":\"ListItem\",\"position\":3,\"name\":\"Bateria Alcalina LR626\"}]},{\"@type\":\"WebSite\",\"@id\":\"https:\/\/diseldistribuidora.com.br\/#website\",\"url\":\"https:\/\/diseldistribuidora.com.br\/\",\"name\":\"Disel Distribuidora\",\"description\":\"Como distribuidores l\u00edderes, colaboramos com as principais marcas do mercado para oferecer produtos de qualidade, garantindo a confiabilidade e a durabilidade de cada equipamento. Nossa matriz est\u00e1 estrategicamente localizada para atender \u00e0s necessidades de clientes de Rio Verge-GO e regi\u00e3o, mas temos unidades em Uberl\u00e2ndia-MG e Uberaba-MG.\",\"publisher\":{\"@id\":\"https:\/\/diseldistribuidora.com.br\/#organization\"},\"potentialAction\":[{\"@type\":\"SearchAction\",\"target\":{\"@type\":\"EntryPoint\",\"urlTemplate\":\"https:\/\/diseldistribuidora.com.br\/?s={search_term_string}\"},\"query-input\":{\"@type\":\"PropertyValueSpecification\",\"valueRequired\":true,\"valueName\":\"search_term_string\"}}],\"inLanguage\":\"pt-BR\"},{\"@type\":\"Organization\",\"@id\":\"https:\/\/diseldistribuidora.com.br\/#organization\",\"name\":\"Disel Distribuidora\",\"url\":\"https:\/\/diseldistribuidora.com.br\/\",\"logo\":{\"@type\":\"ImageObject\",\"inLanguage\":\"pt-BR\",\"@id\":\"https:\/\/diseldistribuidora.com.br\/#\/schema\/logo\/image\/\",\"url\":\"https:\/\/diseldistribuidora.com.br\/wp-content\/uploads\/2023\/06\/DISEL-DISTRIBUIDORA-PRODUTOS-SEGURANCA-ELETRONICA.png\",\"contentUrl\":\"https:\/\/diseldistribuidora.com.br\/wp-content\/uploads\/2023\/06\/DISEL-DISTRIBUIDORA-PRODUTOS-SEGURANCA-ELETRONICA.png\",\"width\":800,\"height\":530,\"caption\":\"Disel Distribuidora\"},\"image\":{\"@id\":\"https:\/\/diseldistribuidora.com.br\/#\/schema\/logo\/image\/\"}}]}<\/script>\n<!-- \/ Yoast SEO plugin. -->","yoast_head_json":{"title":"Bateria Alcalina LR626 - Disel Distribuidora","robots":{"index":"index","follow":"follow","max-snippet":"max-snippet:-1","max-image-preview":"max-image-preview:large","max-video-preview":"max-video-preview:-1"},"canonical":"https:\/\/diseldistribuidora.com.br\/?product=bateria-alcalina-lr626","og_locale":"pt_BR","og_type":"article","og_title":"Bateria Alcalina LR626 - Disel Distribuidora","og_description":"ESPECIFICA\u00c7\u00d5ES T\u00c9CNICAS      Nome do produto   Bateria Alcalina LR626      Validade   5 anos      Voltagem   1,5V      Peso (Produto) kg   0,0003      Dimens\u00e3o (Produto)   2,54 x 6,76 mm      CARACTER\u00cdSTICAS      Energy      Alta dura\u00e7\u00e3o      Economia","og_url":"https:\/\/diseldistribuidora.com.br\/?product=bateria-alcalina-lr626","og_site_name":"Disel Distribuidora","article_modified_time":"2023-09-14T04:14:50+00:00","og_image":[{"width":526,"height":714,"url":"https:\/\/diseldistribuidora.com.br\/wp-content\/uploads\/2023\/07\/bateria-alcalina-2.png","type":"image\/png"}],"twitter_card":"summary_large_image","schema":{"@context":"https:\/\/schema.org","@graph":[{"@type":"WebPage","@id":"https:\/\/diseldistribuidora.com.br\/?product=bateria-alcalina-lr626","url":"https:\/\/diseldistribuidora.com.br\/?product=bateria-alcalina-lr626","name":"Bateria Alcalina LR626 - Disel Distribuidora","isPartOf":{"@id":"https:\/\/diseldistribuidora.com.br\/#website"},"primaryImageOfPage":{"@id":"https:\/\/diseldistribuidora.com.br\/?product=bateria-alcalina-lr626#primaryimage"},"image":{"@id":"https:\/\/diseldistribuidora.com.br\/?product=bateria-alcalina-lr626#primaryimage"},"thumbnailUrl":"https:\/\/diseldistribuidora.com.br\/wp-content\/uploads\/2023\/07\/bateria-alcalina-2.png","datePublished":"2023-07-19T04:02:41+00:00","dateModified":"2023-09-14T04:14:50+00:00","breadcrumb":{"@id":"https:\/\/diseldistribuidora.com.br\/?product=bateria-alcalina-lr626#breadcrumb"},"inLanguage":"pt-BR","potentialAction":[{"@type":"ReadAction","target":["https:\/\/diseldistribuidora.com.br\/?product=bateria-alcalina-lr626"]}]},{"@type":"ImageObject","inLanguage":"pt-BR","@id":"https:\/\/diseldistribuidora.com.br\/?product=bateria-alcalina-lr626#primaryimage","url":"https:\/\/diseldistribuidora.com.br\/wp-content\/uploads\/2023\/07\/bateria-alcalina-2.png","contentUrl":"https:\/\/diseldistribuidora.com.br\/wp-content\/uploads\/2023\/07\/bateria-alcalina-2.png","width":526,"height":714},{"@type":"BreadcrumbList","@id":"https:\/\/diseldistribuidora.com.br\/?product=bateria-alcalina-lr626#breadcrumb","itemListElement":[{"@type":"ListItem","position":1,"name":"In\u00edcio","item":"https:\/\/diseldistribuidora.com.br\/"},{"@type":"ListItem","position":2,"name":"Loja","item":"https:\/\/diseldistribuidora.com.br\/?page_id=51"},{"@type":"ListItem","position":3,"name":"Bateria Alcalina LR626"}]},{"@type":"WebSite","@id":"https:\/\/diseldistribuidora.com.br\/#website","url":"https:\/\/diseldistribuidora.com.br\/","name":"Disel Distribuidora","description":"Como distribuidores l\u00edderes, colaboramos com as principais marcas do mercado para oferecer produtos de qualidade, garantindo a confiabilidade e a durabilidade de cada equipamento. Nossa matriz est\u00e1 estrategicamente localizada para atender \u00e0s necessidades de clientes de Rio Verge-GO e regi\u00e3o, mas temos unidades em Uberl\u00e2ndia-MG e Uberaba-MG.","publisher":{"@id":"https:\/\/diseldistribuidora.com.br\/#organization"},"potentialAction":[{"@type":"SearchAction","target":{"@type":"EntryPoint","urlTemplate":"https:\/\/diseldistribuidora.com.br\/?s={search_term_string}"},"query-input":{"@type":"PropertyValueSpecification","valueRequired":true,"valueName":"search_term_string"}}],"inLanguage":"pt-BR"},{"@type":"Organization","@id":"https:\/\/diseldistribuidora.com.br\/#organization","name":"Disel Distribuidora","url":"https:\/\/diseldistribuidora.com.br\/","logo":{"@type":"ImageObject","inLanguage":"pt-BR","@id":"https:\/\/diseldistribuidora.com.br\/#\/schema\/logo\/image\/","url":"https:\/\/diseldistribuidora.com.br\/wp-content\/uploads\/2023\/06\/DISEL-DISTRIBUIDORA-PRODUTOS-SEGURANCA-ELETRONICA.png","contentUrl":"https:\/\/diseldistribuidora.com.br\/wp-content\/uploads\/2023\/06\/DISEL-DISTRIBUIDORA-PRODUTOS-SEGURANCA-ELETRONICA.png","width":800,"height":530,"caption":"Disel Distribuidora"},"image":{"@id":"https:\/\/diseldistribuidora.com.br\/#\/schema\/logo\/image\/"}}]}},"_links":{"self":[{"href":"https:\/\/diseldistribuidora.com.br\/index.php?rest_route=\/wp\/v2\/product\/352","targetHints":{"allow":["GET"]}}],"collection":[{"href":"https:\/\/diseldistribuidora.com.br\/index.php?rest_route=\/wp\/v2\/product"}],"about":[{"href":"https:\/\/diseldistribuidora.com.br\/index.php?rest_route=\/wp\/v2\/types\/product"}],"wp:featuredmedia":[{"embeddable":true,"href":"https:\/\/diseldistribuidora.com.br\/index.php?rest_route=\/wp\/v2\/media\/354"}],"wp:attachment":[{"href":"https:\/\/diseldistribuidora.com.br\/index.php?rest_route=%2Fwp%2Fv2%2Fmedia&parent=352"}],"wp:term":[{"taxonomy":"product_brand","embeddable":true,"href":"https:\/\/diseldistribuidora.com.br\/index.php?rest_route=%2Fwp%2Fv2%2Fproduct_brand&post=352"},{"taxonomy":"product_cat","embeddable":true,"href":"https:\/\/diseldistribuidora.com.br\/index.php?rest_route=%2Fwp%2Fv2%2Fproduct_cat&post=352"},{"taxonomy":"product_tag","embeddable":true,"href":"https:\/\/diseldistribuidora.com.br\/index.php?rest_route=%2Fwp%2Fv2%2Fproduct_tag&post=352"}],"curies":[{"name":"wp","href":"https:\/\/api.w.org\/{rel}","templated":true}]}}