{"id":369,"date":"2023-07-19T01:13:40","date_gmt":"2023-07-19T04:13:40","guid":{"rendered":"https:\/\/diseldistribuidora.com.br\/?post_type=product&#038;p=369"},"modified":"2023-09-14T01:10:42","modified_gmt":"2023-09-14T04:10:42","slug":"369","status":"publish","type":"product","link":"https:\/\/diseldistribuidora.com.br\/?product=369","title":{"rendered":"FONTE GARRA 12,8VCC\/3A"},"content":{"rendered":"","protected":false},"excerpt":{"rendered":"<p>Fonte para alimenta\u00e7\u00e3o de c\u00e2meras<br \/>\nFON1361<\/p>\n<p><img decoding=\"async\" class=\"alignnone size-full wp-image-1564\" src=\"http:\/\/www.mcmfontesenobreaks.ind.br\/pt-br\/wp-content\/uploads\/2016\/03\/vector-2anos-1.png\" alt=\"\" width=\"40\" height=\"40\" \/>\u00a0Garantia de 2 anos<\/p>\n<p><img decoding=\"async\" class=\"alignnone size-full wp-image-1564\" src=\"https:\/\/www.mcmfontesenobreaks.ind.br\/pt-br\/wp-content\/uploads\/2019\/08\/potencia.png\" alt=\"\" width=\"40\" height=\"40\" \/>\u00a0Pot\u00eancia real: 38,4W<\/p>\n<p><img decoding=\"async\" class=\"alignnone wp-image-1561\" src=\"https:\/\/www.mcmfontesenobreaks.ind.br\/pt-br\/wp-content\/uploads\/2019\/08\/entrada-full-3.png\" alt=\" width=\" width=\"43\" height=\"44\" \/>\u00a0Entrada Full Range<\/p>\n<p><img loading=\"lazy\" decoding=\"async\" class=\"alignnone wp-image-1561\" src=\"https:\/\/www.mcmfontesenobreaks.ind.br\/pt-br\/wp-content\/uploads\/2019\/08\/custo-enefico.png\" alt=\" width=\" width=\"43\" height=\"44\" \/>\u00a0Melhor custo benef\u00edcio<\/p>\n","protected":false},"featured_media":371,"template":"","meta":[],"product_brand":[],"product_cat":[31],"product_tag":[],"class_list":{"0":"post-369","1":"product","2":"type-product","3":"status-publish","4":"has-post-thumbnail","6":"product_cat-pecas-acessorios","8":"first","9":"instock","10":"shipping-taxable","11":"product-type-simple"},"yoast_head":"<!-- This site is optimized with the Yoast SEO plugin v26.7 - https:\/\/yoast.com\/wordpress\/plugins\/seo\/ -->\n<title>FONTE GARRA 12,8VCC\/3A - Disel Distribuidora<\/title>\n<meta name=\"robots\" content=\"index, follow, max-snippet:-1, max-image-preview:large, max-video-preview:-1\" \/>\n<link rel=\"canonical\" href=\"https:\/\/diseldistribuidora.com.br\/?product=369\" \/>\n<meta property=\"og:locale\" content=\"pt_BR\" \/>\n<meta property=\"og:type\" content=\"article\" \/>\n<meta property=\"og:title\" content=\"FONTE GARRA 12,8VCC\/3A - Disel Distribuidora\" \/>\n<meta property=\"og:description\" content=\"Fonte para alimenta\u00e7\u00e3o de c\u00e2meras FON1361  \u00a0Garantia de 2 anos  \u00a0Pot\u00eancia real: 38,4W  \u00a0Entrada Full Range  \u00a0Melhor custo benef\u00edcio\" \/>\n<meta property=\"og:url\" content=\"https:\/\/diseldistribuidora.com.br\/?product=369\" \/>\n<meta property=\"og:site_name\" content=\"Disel Distribuidora\" \/>\n<meta property=\"article:modified_time\" content=\"2023-09-14T04:10:42+00:00\" \/>\n<meta property=\"og:image\" content=\"https:\/\/diseldistribuidora.com.br\/wp-content\/uploads\/2023\/07\/fontegarra.png\" \/>\n\t<meta property=\"og:image:width\" content=\"1024\" \/>\n\t<meta property=\"og:image:height\" content=\"1024\" \/>\n\t<meta property=\"og:image:type\" content=\"image\/png\" \/>\n<meta name=\"twitter:card\" content=\"summary_large_image\" \/>\n<script type=\"application\/ld+json\" class=\"yoast-schema-graph\">{\"@context\":\"https:\/\/schema.org\",\"@graph\":[{\"@type\":\"WebPage\",\"@id\":\"https:\/\/diseldistribuidora.com.br\/?product=369\",\"url\":\"https:\/\/diseldistribuidora.com.br\/?product=369\",\"name\":\"FONTE GARRA 12,8VCC\/3A - Disel Distribuidora\",\"isPartOf\":{\"@id\":\"https:\/\/diseldistribuidora.com.br\/#website\"},\"primaryImageOfPage\":{\"@id\":\"https:\/\/diseldistribuidora.com.br\/?product=369#primaryimage\"},\"image\":{\"@id\":\"https:\/\/diseldistribuidora.com.br\/?product=369#primaryimage\"},\"thumbnailUrl\":\"https:\/\/diseldistribuidora.com.br\/wp-content\/uploads\/2023\/07\/fontegarra.png\",\"datePublished\":\"2023-07-19T04:13:40+00:00\",\"dateModified\":\"2023-09-14T04:10:42+00:00\",\"breadcrumb\":{\"@id\":\"https:\/\/diseldistribuidora.com.br\/?product=369#breadcrumb\"},\"inLanguage\":\"pt-BR\",\"potentialAction\":[{\"@type\":\"ReadAction\",\"target\":[\"https:\/\/diseldistribuidora.com.br\/?product=369\"]}]},{\"@type\":\"ImageObject\",\"inLanguage\":\"pt-BR\",\"@id\":\"https:\/\/diseldistribuidora.com.br\/?product=369#primaryimage\",\"url\":\"https:\/\/diseldistribuidora.com.br\/wp-content\/uploads\/2023\/07\/fontegarra.png\",\"contentUrl\":\"https:\/\/diseldistribuidora.com.br\/wp-content\/uploads\/2023\/07\/fontegarra.png\",\"width\":1024,\"height\":1024},{\"@type\":\"BreadcrumbList\",\"@id\":\"https:\/\/diseldistribuidora.com.br\/?product=369#breadcrumb\",\"itemListElement\":[{\"@type\":\"ListItem\",\"position\":1,\"name\":\"In\u00edcio\",\"item\":\"https:\/\/diseldistribuidora.com.br\/\"},{\"@type\":\"ListItem\",\"position\":2,\"name\":\"Loja\",\"item\":\"https:\/\/diseldistribuidora.com.br\/?page_id=51\"},{\"@type\":\"ListItem\",\"position\":3,\"name\":\"FONTE GARRA 12,8VCC\/3A\"}]},{\"@type\":\"WebSite\",\"@id\":\"https:\/\/diseldistribuidora.com.br\/#website\",\"url\":\"https:\/\/diseldistribuidora.com.br\/\",\"name\":\"Disel Distribuidora\",\"description\":\"Como distribuidores l\u00edderes, colaboramos com as principais marcas do mercado para oferecer produtos de qualidade, garantindo a confiabilidade e a durabilidade de cada equipamento. Nossa matriz est\u00e1 estrategicamente localizada para atender \u00e0s necessidades de clientes de Rio Verge-GO e regi\u00e3o, mas temos unidades em Uberl\u00e2ndia-MG e Uberaba-MG.\",\"publisher\":{\"@id\":\"https:\/\/diseldistribuidora.com.br\/#organization\"},\"potentialAction\":[{\"@type\":\"SearchAction\",\"target\":{\"@type\":\"EntryPoint\",\"urlTemplate\":\"https:\/\/diseldistribuidora.com.br\/?s={search_term_string}\"},\"query-input\":{\"@type\":\"PropertyValueSpecification\",\"valueRequired\":true,\"valueName\":\"search_term_string\"}}],\"inLanguage\":\"pt-BR\"},{\"@type\":\"Organization\",\"@id\":\"https:\/\/diseldistribuidora.com.br\/#organization\",\"name\":\"Disel Distribuidora\",\"url\":\"https:\/\/diseldistribuidora.com.br\/\",\"logo\":{\"@type\":\"ImageObject\",\"inLanguage\":\"pt-BR\",\"@id\":\"https:\/\/diseldistribuidora.com.br\/#\/schema\/logo\/image\/\",\"url\":\"https:\/\/diseldistribuidora.com.br\/wp-content\/uploads\/2023\/06\/DISEL-DISTRIBUIDORA-PRODUTOS-SEGURANCA-ELETRONICA.png\",\"contentUrl\":\"https:\/\/diseldistribuidora.com.br\/wp-content\/uploads\/2023\/06\/DISEL-DISTRIBUIDORA-PRODUTOS-SEGURANCA-ELETRONICA.png\",\"width\":800,\"height\":530,\"caption\":\"Disel Distribuidora\"},\"image\":{\"@id\":\"https:\/\/diseldistribuidora.com.br\/#\/schema\/logo\/image\/\"}}]}<\/script>\n<!-- \/ Yoast SEO plugin. -->","yoast_head_json":{"title":"FONTE GARRA 12,8VCC\/3A - Disel Distribuidora","robots":{"index":"index","follow":"follow","max-snippet":"max-snippet:-1","max-image-preview":"max-image-preview:large","max-video-preview":"max-video-preview:-1"},"canonical":"https:\/\/diseldistribuidora.com.br\/?product=369","og_locale":"pt_BR","og_type":"article","og_title":"FONTE GARRA 12,8VCC\/3A - Disel Distribuidora","og_description":"Fonte para alimenta\u00e7\u00e3o de c\u00e2meras FON1361  \u00a0Garantia de 2 anos  \u00a0Pot\u00eancia real: 38,4W  \u00a0Entrada Full Range  \u00a0Melhor custo benef\u00edcio","og_url":"https:\/\/diseldistribuidora.com.br\/?product=369","og_site_name":"Disel Distribuidora","article_modified_time":"2023-09-14T04:10:42+00:00","og_image":[{"width":1024,"height":1024,"url":"https:\/\/diseldistribuidora.com.br\/wp-content\/uploads\/2023\/07\/fontegarra.png","type":"image\/png"}],"twitter_card":"summary_large_image","schema":{"@context":"https:\/\/schema.org","@graph":[{"@type":"WebPage","@id":"https:\/\/diseldistribuidora.com.br\/?product=369","url":"https:\/\/diseldistribuidora.com.br\/?product=369","name":"FONTE GARRA 12,8VCC\/3A - Disel Distribuidora","isPartOf":{"@id":"https:\/\/diseldistribuidora.com.br\/#website"},"primaryImageOfPage":{"@id":"https:\/\/diseldistribuidora.com.br\/?product=369#primaryimage"},"image":{"@id":"https:\/\/diseldistribuidora.com.br\/?product=369#primaryimage"},"thumbnailUrl":"https:\/\/diseldistribuidora.com.br\/wp-content\/uploads\/2023\/07\/fontegarra.png","datePublished":"2023-07-19T04:13:40+00:00","dateModified":"2023-09-14T04:10:42+00:00","breadcrumb":{"@id":"https:\/\/diseldistribuidora.com.br\/?product=369#breadcrumb"},"inLanguage":"pt-BR","potentialAction":[{"@type":"ReadAction","target":["https:\/\/diseldistribuidora.com.br\/?product=369"]}]},{"@type":"ImageObject","inLanguage":"pt-BR","@id":"https:\/\/diseldistribuidora.com.br\/?product=369#primaryimage","url":"https:\/\/diseldistribuidora.com.br\/wp-content\/uploads\/2023\/07\/fontegarra.png","contentUrl":"https:\/\/diseldistribuidora.com.br\/wp-content\/uploads\/2023\/07\/fontegarra.png","width":1024,"height":1024},{"@type":"BreadcrumbList","@id":"https:\/\/diseldistribuidora.com.br\/?product=369#breadcrumb","itemListElement":[{"@type":"ListItem","position":1,"name":"In\u00edcio","item":"https:\/\/diseldistribuidora.com.br\/"},{"@type":"ListItem","position":2,"name":"Loja","item":"https:\/\/diseldistribuidora.com.br\/?page_id=51"},{"@type":"ListItem","position":3,"name":"FONTE GARRA 12,8VCC\/3A"}]},{"@type":"WebSite","@id":"https:\/\/diseldistribuidora.com.br\/#website","url":"https:\/\/diseldistribuidora.com.br\/","name":"Disel Distribuidora","description":"Como distribuidores l\u00edderes, colaboramos com as principais marcas do mercado para oferecer produtos de qualidade, garantindo a confiabilidade e a durabilidade de cada equipamento. Nossa matriz est\u00e1 estrategicamente localizada para atender \u00e0s necessidades de clientes de Rio Verge-GO e regi\u00e3o, mas temos unidades em Uberl\u00e2ndia-MG e Uberaba-MG.","publisher":{"@id":"https:\/\/diseldistribuidora.com.br\/#organization"},"potentialAction":[{"@type":"SearchAction","target":{"@type":"EntryPoint","urlTemplate":"https:\/\/diseldistribuidora.com.br\/?s={search_term_string}"},"query-input":{"@type":"PropertyValueSpecification","valueRequired":true,"valueName":"search_term_string"}}],"inLanguage":"pt-BR"},{"@type":"Organization","@id":"https:\/\/diseldistribuidora.com.br\/#organization","name":"Disel Distribuidora","url":"https:\/\/diseldistribuidora.com.br\/","logo":{"@type":"ImageObject","inLanguage":"pt-BR","@id":"https:\/\/diseldistribuidora.com.br\/#\/schema\/logo\/image\/","url":"https:\/\/diseldistribuidora.com.br\/wp-content\/uploads\/2023\/06\/DISEL-DISTRIBUIDORA-PRODUTOS-SEGURANCA-ELETRONICA.png","contentUrl":"https:\/\/diseldistribuidora.com.br\/wp-content\/uploads\/2023\/06\/DISEL-DISTRIBUIDORA-PRODUTOS-SEGURANCA-ELETRONICA.png","width":800,"height":530,"caption":"Disel Distribuidora"},"image":{"@id":"https:\/\/diseldistribuidora.com.br\/#\/schema\/logo\/image\/"}}]}},"_links":{"self":[{"href":"https:\/\/diseldistribuidora.com.br\/index.php?rest_route=\/wp\/v2\/product\/369","targetHints":{"allow":["GET"]}}],"collection":[{"href":"https:\/\/diseldistribuidora.com.br\/index.php?rest_route=\/wp\/v2\/product"}],"about":[{"href":"https:\/\/diseldistribuidora.com.br\/index.php?rest_route=\/wp\/v2\/types\/product"}],"wp:featuredmedia":[{"embeddable":true,"href":"https:\/\/diseldistribuidora.com.br\/index.php?rest_route=\/wp\/v2\/media\/371"}],"wp:attachment":[{"href":"https:\/\/diseldistribuidora.com.br\/index.php?rest_route=%2Fwp%2Fv2%2Fmedia&parent=369"}],"wp:term":[{"taxonomy":"product_brand","embeddable":true,"href":"https:\/\/diseldistribuidora.com.br\/index.php?rest_route=%2Fwp%2Fv2%2Fproduct_brand&post=369"},{"taxonomy":"product_cat","embeddable":true,"href":"https:\/\/diseldistribuidora.com.br\/index.php?rest_route=%2Fwp%2Fv2%2Fproduct_cat&post=369"},{"taxonomy":"product_tag","embeddable":true,"href":"https:\/\/diseldistribuidora.com.br\/index.php?rest_route=%2Fwp%2Fv2%2Fproduct_tag&post=369"}],"curies":[{"name":"wp","href":"https:\/\/api.w.org\/{rel}","templated":true}]}}