{"id":383,"date":"2023-07-19T01:22:53","date_gmt":"2023-07-19T04:22:53","guid":{"rendered":"https:\/\/diseldistribuidora.com.br\/?post_type=product&#038;p=383"},"modified":"2023-09-14T01:08:27","modified_gmt":"2023-09-14T04:08:27","slug":"manager-iii-senoidal-ng-700-va","status":"publish","type":"product","link":"https:\/\/diseldistribuidora.com.br\/?product=manager-iii-senoidal-ng-700-va","title":{"rendered":"Manager III Senoidal NG 700 VA"},"content":{"rendered":"","protected":false},"excerpt":{"rendered":"<p>Ideal para cargas sens\u00edveis que necessitam de uma forma de onda senoidal pura. O nobreak Manager III Senoidal NG fornece forma de onda senoidal\u00a0id\u00eantica \u00e0\u00a0fornecida\u00a0pela rede el\u00e9trica, tornando-o compat\u00edvel com qualquer equipamento eletr\u00f4nico. Tamb\u00e9m permite monitorar as suas fun\u00e7\u00f5es e as condi\u00e7\u00f5es da rede el\u00e9trica atrav\u00e9s de um PC e Smartphone.<\/p>\n<p><strong>Pot\u00eancia:<\/strong>\u00a0700 VA<\/p>\n<p><strong>Topologia:<\/strong>\u00a0Line Interactive<\/p>\n<p><strong>Forma de onda:<\/strong>\u00a0Senoidal pura<\/p>\n<p><strong>Modelos:<\/strong><\/p>\n<ul>\n<li>0027570 | Manager III Senoidal NG 700Bi | entrada bivolt autom\u00e1tico e sa\u00edda 115V~ | Gerenci\u00e1vel<\/li>\n<\/ul>\n","protected":false},"featured_media":384,"template":"","meta":[],"product_brand":[],"product_cat":[40],"product_tag":[],"class_list":{"0":"post-383","1":"product","2":"type-product","3":"status-publish","4":"has-post-thumbnail","6":"product_cat-nobreaks","8":"first","9":"instock","10":"shipping-taxable","11":"product-type-simple"},"yoast_head":"<!-- This site is optimized with the Yoast SEO plugin v26.7 - https:\/\/yoast.com\/wordpress\/plugins\/seo\/ -->\n<title>Manager III Senoidal NG 700 VA - Disel Distribuidora<\/title>\n<meta name=\"robots\" content=\"index, follow, max-snippet:-1, max-image-preview:large, max-video-preview:-1\" \/>\n<link rel=\"canonical\" href=\"https:\/\/diseldistribuidora.com.br\/?product=manager-iii-senoidal-ng-700-va\" \/>\n<meta property=\"og:locale\" content=\"pt_BR\" \/>\n<meta property=\"og:type\" content=\"article\" \/>\n<meta property=\"og:title\" content=\"Manager III Senoidal NG 700 VA - Disel Distribuidora\" \/>\n<meta property=\"og:description\" content=\"Ideal para cargas sens\u00edveis que necessitam de uma forma de onda senoidal pura. O nobreak Manager III Senoidal NG fornece forma de onda senoidal\u00a0id\u00eantica \u00e0\u00a0fornecida\u00a0pela rede el\u00e9trica, tornando-o compat\u00edvel com qualquer equipamento eletr\u00f4nico. Tamb\u00e9m permite monitorar as suas fun\u00e7\u00f5es e as condi\u00e7\u00f5es da rede el\u00e9trica atrav\u00e9s de um PC e Smartphone.  Pot\u00eancia:\u00a0700 VA  Topologia:\u00a0Line Interactive  Forma de onda:\u00a0Senoidal pura  Modelos:   0027570 | Manager III Senoidal NG 700Bi | entrada bivolt autom\u00e1tico e sa\u00edda 115V~ | Gerenci\u00e1vel\" \/>\n<meta property=\"og:url\" content=\"https:\/\/diseldistribuidora.com.br\/?product=manager-iii-senoidal-ng-700-va\" \/>\n<meta property=\"og:site_name\" content=\"Disel Distribuidora\" \/>\n<meta property=\"article:modified_time\" content=\"2023-09-14T04:08:27+00:00\" \/>\n<meta property=\"og:image\" content=\"https:\/\/diseldistribuidora.com.br\/wp-content\/uploads\/2023\/07\/maanager.png\" \/>\n\t<meta property=\"og:image:width\" content=\"549\" \/>\n\t<meta property=\"og:image:height\" content=\"540\" \/>\n\t<meta property=\"og:image:type\" content=\"image\/png\" \/>\n<meta name=\"twitter:card\" content=\"summary_large_image\" \/>\n<script type=\"application\/ld+json\" class=\"yoast-schema-graph\">{\"@context\":\"https:\/\/schema.org\",\"@graph\":[{\"@type\":\"WebPage\",\"@id\":\"https:\/\/diseldistribuidora.com.br\/?product=manager-iii-senoidal-ng-700-va\",\"url\":\"https:\/\/diseldistribuidora.com.br\/?product=manager-iii-senoidal-ng-700-va\",\"name\":\"Manager III Senoidal NG 700 VA - Disel Distribuidora\",\"isPartOf\":{\"@id\":\"https:\/\/diseldistribuidora.com.br\/#website\"},\"primaryImageOfPage\":{\"@id\":\"https:\/\/diseldistribuidora.com.br\/?product=manager-iii-senoidal-ng-700-va#primaryimage\"},\"image\":{\"@id\":\"https:\/\/diseldistribuidora.com.br\/?product=manager-iii-senoidal-ng-700-va#primaryimage\"},\"thumbnailUrl\":\"https:\/\/diseldistribuidora.com.br\/wp-content\/uploads\/2023\/07\/maanager.png\",\"datePublished\":\"2023-07-19T04:22:53+00:00\",\"dateModified\":\"2023-09-14T04:08:27+00:00\",\"breadcrumb\":{\"@id\":\"https:\/\/diseldistribuidora.com.br\/?product=manager-iii-senoidal-ng-700-va#breadcrumb\"},\"inLanguage\":\"pt-BR\",\"potentialAction\":[{\"@type\":\"ReadAction\",\"target\":[\"https:\/\/diseldistribuidora.com.br\/?product=manager-iii-senoidal-ng-700-va\"]}]},{\"@type\":\"ImageObject\",\"inLanguage\":\"pt-BR\",\"@id\":\"https:\/\/diseldistribuidora.com.br\/?product=manager-iii-senoidal-ng-700-va#primaryimage\",\"url\":\"https:\/\/diseldistribuidora.com.br\/wp-content\/uploads\/2023\/07\/maanager.png\",\"contentUrl\":\"https:\/\/diseldistribuidora.com.br\/wp-content\/uploads\/2023\/07\/maanager.png\",\"width\":549,\"height\":540},{\"@type\":\"BreadcrumbList\",\"@id\":\"https:\/\/diseldistribuidora.com.br\/?product=manager-iii-senoidal-ng-700-va#breadcrumb\",\"itemListElement\":[{\"@type\":\"ListItem\",\"position\":1,\"name\":\"In\u00edcio\",\"item\":\"https:\/\/diseldistribuidora.com.br\/\"},{\"@type\":\"ListItem\",\"position\":2,\"name\":\"Loja\",\"item\":\"https:\/\/diseldistribuidora.com.br\/?page_id=51\"},{\"@type\":\"ListItem\",\"position\":3,\"name\":\"Manager III Senoidal NG 700 VA\"}]},{\"@type\":\"WebSite\",\"@id\":\"https:\/\/diseldistribuidora.com.br\/#website\",\"url\":\"https:\/\/diseldistribuidora.com.br\/\",\"name\":\"Disel Distribuidora\",\"description\":\"Como distribuidores l\u00edderes, colaboramos com as principais marcas do mercado para oferecer produtos de qualidade, garantindo a confiabilidade e a durabilidade de cada equipamento. Nossa matriz est\u00e1 estrategicamente localizada para atender \u00e0s necessidades de clientes de Rio Verge-GO e regi\u00e3o, mas temos unidades em Uberl\u00e2ndia-MG e Uberaba-MG.\",\"publisher\":{\"@id\":\"https:\/\/diseldistribuidora.com.br\/#organization\"},\"potentialAction\":[{\"@type\":\"SearchAction\",\"target\":{\"@type\":\"EntryPoint\",\"urlTemplate\":\"https:\/\/diseldistribuidora.com.br\/?s={search_term_string}\"},\"query-input\":{\"@type\":\"PropertyValueSpecification\",\"valueRequired\":true,\"valueName\":\"search_term_string\"}}],\"inLanguage\":\"pt-BR\"},{\"@type\":\"Organization\",\"@id\":\"https:\/\/diseldistribuidora.com.br\/#organization\",\"name\":\"Disel Distribuidora\",\"url\":\"https:\/\/diseldistribuidora.com.br\/\",\"logo\":{\"@type\":\"ImageObject\",\"inLanguage\":\"pt-BR\",\"@id\":\"https:\/\/diseldistribuidora.com.br\/#\/schema\/logo\/image\/\",\"url\":\"https:\/\/diseldistribuidora.com.br\/wp-content\/uploads\/2023\/06\/DISEL-DISTRIBUIDORA-PRODUTOS-SEGURANCA-ELETRONICA.png\",\"contentUrl\":\"https:\/\/diseldistribuidora.com.br\/wp-content\/uploads\/2023\/06\/DISEL-DISTRIBUIDORA-PRODUTOS-SEGURANCA-ELETRONICA.png\",\"width\":800,\"height\":530,\"caption\":\"Disel Distribuidora\"},\"image\":{\"@id\":\"https:\/\/diseldistribuidora.com.br\/#\/schema\/logo\/image\/\"}}]}<\/script>\n<!-- \/ Yoast SEO plugin. -->","yoast_head_json":{"title":"Manager III Senoidal NG 700 VA - Disel Distribuidora","robots":{"index":"index","follow":"follow","max-snippet":"max-snippet:-1","max-image-preview":"max-image-preview:large","max-video-preview":"max-video-preview:-1"},"canonical":"https:\/\/diseldistribuidora.com.br\/?product=manager-iii-senoidal-ng-700-va","og_locale":"pt_BR","og_type":"article","og_title":"Manager III Senoidal NG 700 VA - Disel Distribuidora","og_description":"Ideal para cargas sens\u00edveis que necessitam de uma forma de onda senoidal pura. O nobreak Manager III Senoidal NG fornece forma de onda senoidal\u00a0id\u00eantica \u00e0\u00a0fornecida\u00a0pela rede el\u00e9trica, tornando-o compat\u00edvel com qualquer equipamento eletr\u00f4nico. Tamb\u00e9m permite monitorar as suas fun\u00e7\u00f5es e as condi\u00e7\u00f5es da rede el\u00e9trica atrav\u00e9s de um PC e Smartphone.  Pot\u00eancia:\u00a0700 VA  Topologia:\u00a0Line Interactive  Forma de onda:\u00a0Senoidal pura  Modelos:   0027570 | Manager III Senoidal NG 700Bi | entrada bivolt autom\u00e1tico e sa\u00edda 115V~ | Gerenci\u00e1vel","og_url":"https:\/\/diseldistribuidora.com.br\/?product=manager-iii-senoidal-ng-700-va","og_site_name":"Disel Distribuidora","article_modified_time":"2023-09-14T04:08:27+00:00","og_image":[{"width":549,"height":540,"url":"https:\/\/diseldistribuidora.com.br\/wp-content\/uploads\/2023\/07\/maanager.png","type":"image\/png"}],"twitter_card":"summary_large_image","schema":{"@context":"https:\/\/schema.org","@graph":[{"@type":"WebPage","@id":"https:\/\/diseldistribuidora.com.br\/?product=manager-iii-senoidal-ng-700-va","url":"https:\/\/diseldistribuidora.com.br\/?product=manager-iii-senoidal-ng-700-va","name":"Manager III Senoidal NG 700 VA - Disel Distribuidora","isPartOf":{"@id":"https:\/\/diseldistribuidora.com.br\/#website"},"primaryImageOfPage":{"@id":"https:\/\/diseldistribuidora.com.br\/?product=manager-iii-senoidal-ng-700-va#primaryimage"},"image":{"@id":"https:\/\/diseldistribuidora.com.br\/?product=manager-iii-senoidal-ng-700-va#primaryimage"},"thumbnailUrl":"https:\/\/diseldistribuidora.com.br\/wp-content\/uploads\/2023\/07\/maanager.png","datePublished":"2023-07-19T04:22:53+00:00","dateModified":"2023-09-14T04:08:27+00:00","breadcrumb":{"@id":"https:\/\/diseldistribuidora.com.br\/?product=manager-iii-senoidal-ng-700-va#breadcrumb"},"inLanguage":"pt-BR","potentialAction":[{"@type":"ReadAction","target":["https:\/\/diseldistribuidora.com.br\/?product=manager-iii-senoidal-ng-700-va"]}]},{"@type":"ImageObject","inLanguage":"pt-BR","@id":"https:\/\/diseldistribuidora.com.br\/?product=manager-iii-senoidal-ng-700-va#primaryimage","url":"https:\/\/diseldistribuidora.com.br\/wp-content\/uploads\/2023\/07\/maanager.png","contentUrl":"https:\/\/diseldistribuidora.com.br\/wp-content\/uploads\/2023\/07\/maanager.png","width":549,"height":540},{"@type":"BreadcrumbList","@id":"https:\/\/diseldistribuidora.com.br\/?product=manager-iii-senoidal-ng-700-va#breadcrumb","itemListElement":[{"@type":"ListItem","position":1,"name":"In\u00edcio","item":"https:\/\/diseldistribuidora.com.br\/"},{"@type":"ListItem","position":2,"name":"Loja","item":"https:\/\/diseldistribuidora.com.br\/?page_id=51"},{"@type":"ListItem","position":3,"name":"Manager III Senoidal NG 700 VA"}]},{"@type":"WebSite","@id":"https:\/\/diseldistribuidora.com.br\/#website","url":"https:\/\/diseldistribuidora.com.br\/","name":"Disel Distribuidora","description":"Como distribuidores l\u00edderes, colaboramos com as principais marcas do mercado para oferecer produtos de qualidade, garantindo a confiabilidade e a durabilidade de cada equipamento. Nossa matriz est\u00e1 estrategicamente localizada para atender \u00e0s necessidades de clientes de Rio Verge-GO e regi\u00e3o, mas temos unidades em Uberl\u00e2ndia-MG e Uberaba-MG.","publisher":{"@id":"https:\/\/diseldistribuidora.com.br\/#organization"},"potentialAction":[{"@type":"SearchAction","target":{"@type":"EntryPoint","urlTemplate":"https:\/\/diseldistribuidora.com.br\/?s={search_term_string}"},"query-input":{"@type":"PropertyValueSpecification","valueRequired":true,"valueName":"search_term_string"}}],"inLanguage":"pt-BR"},{"@type":"Organization","@id":"https:\/\/diseldistribuidora.com.br\/#organization","name":"Disel Distribuidora","url":"https:\/\/diseldistribuidora.com.br\/","logo":{"@type":"ImageObject","inLanguage":"pt-BR","@id":"https:\/\/diseldistribuidora.com.br\/#\/schema\/logo\/image\/","url":"https:\/\/diseldistribuidora.com.br\/wp-content\/uploads\/2023\/06\/DISEL-DISTRIBUIDORA-PRODUTOS-SEGURANCA-ELETRONICA.png","contentUrl":"https:\/\/diseldistribuidora.com.br\/wp-content\/uploads\/2023\/06\/DISEL-DISTRIBUIDORA-PRODUTOS-SEGURANCA-ELETRONICA.png","width":800,"height":530,"caption":"Disel Distribuidora"},"image":{"@id":"https:\/\/diseldistribuidora.com.br\/#\/schema\/logo\/image\/"}}]}},"_links":{"self":[{"href":"https:\/\/diseldistribuidora.com.br\/index.php?rest_route=\/wp\/v2\/product\/383","targetHints":{"allow":["GET"]}}],"collection":[{"href":"https:\/\/diseldistribuidora.com.br\/index.php?rest_route=\/wp\/v2\/product"}],"about":[{"href":"https:\/\/diseldistribuidora.com.br\/index.php?rest_route=\/wp\/v2\/types\/product"}],"wp:featuredmedia":[{"embeddable":true,"href":"https:\/\/diseldistribuidora.com.br\/index.php?rest_route=\/wp\/v2\/media\/384"}],"wp:attachment":[{"href":"https:\/\/diseldistribuidora.com.br\/index.php?rest_route=%2Fwp%2Fv2%2Fmedia&parent=383"}],"wp:term":[{"taxonomy":"product_brand","embeddable":true,"href":"https:\/\/diseldistribuidora.com.br\/index.php?rest_route=%2Fwp%2Fv2%2Fproduct_brand&post=383"},{"taxonomy":"product_cat","embeddable":true,"href":"https:\/\/diseldistribuidora.com.br\/index.php?rest_route=%2Fwp%2Fv2%2Fproduct_cat&post=383"},{"taxonomy":"product_tag","embeddable":true,"href":"https:\/\/diseldistribuidora.com.br\/index.php?rest_route=%2Fwp%2Fv2%2Fproduct_tag&post=383"}],"curies":[{"name":"wp","href":"https:\/\/api.w.org\/{rel}","templated":true}]}}