{"id":399,"date":"2023-07-19T01:31:00","date_gmt":"2023-07-19T04:31:00","guid":{"rendered":"https:\/\/diseldistribuidora.com.br\/?post_type=product&#038;p=399"},"modified":"2023-09-14T01:10:52","modified_gmt":"2023-09-14T04:10:52","slug":"open-tech","status":"publish","type":"product","link":"https:\/\/diseldistribuidora.com.br\/?product=open-tech","title":{"rendered":"Open Tech"},"content":{"rendered":"","protected":false},"excerpt":{"rendered":"<div class=\"dce-visibility-event elementor-element elementor-element-db29af5 elementor-widget elementor-widget-heading dce-visibility-event-initialized\" data-id=\"db29af5\" data-element_type=\"widget\" data-settings=\"{&quot;enabled_visibility&quot;:&quot;yes&quot;,&quot;dce_visibility_selected&quot;:&quot;yes&quot;}\" data-widget_type=\"heading.default\">\n<div class=\"elementor-widget-container\">\n<div class=\"elementor-heading-title elementor-size-default\">Linha do Produto:\u00a0AUTOMA\u00c7\u00c3O<\/div>\n<\/div>\n<\/div>\n<div class=\"elementor-element elementor-element-53aa816 elementor-widget elementor-widget-woocommerce-product-content\" data-id=\"53aa816\" data-element_type=\"widget\" data-widget_type=\"woocommerce-product-content.default\">\n<div class=\"elementor-widget-container\">\n<p>Com design moderno, maior resist\u00eancia e precis\u00e3o no acionamento, a linha de controles remotos Open Tech pode ser utilizado em conjunto com qualquer produto que trabalhe com sistema Learning Code (c\u00f3digo aberto). Dispon\u00edvel em 5 cores.<\/p>\n<div class=\"elementor-element elementor-element-36476b2 elementor-widget elementor-widget-heading\" data-id=\"36476b2\" data-element_type=\"widget\" data-widget_type=\"heading.default\">\n<div class=\"elementor-widget-container\">\n<h3 class=\"elementor-heading-title elementor-size-default\">ESPECIFICA\u00c7\u00d5ES T\u00c9CNICAS<\/h3>\n<\/div>\n<\/div>\n<div class=\"elementor-element elementor-element-d5d3eab elementor-widget elementor-widget-text-editor\" data-id=\"d5d3eab\" data-element_type=\"widget\" data-widget_type=\"text-editor.default\">\n<div class=\"elementor-widget-container\">\n<div class=\"elementor-text-editor elementor-clearfix\">\n<ul>\n<li>3 bot\u00f5es com sistema Learning Code (C\u00f3digo aberto)<\/li>\n<li>Bot\u00f5es do tipo push button<\/li>\n<li>Indica\u00e7\u00e3o de bateria baixa<\/li>\n<li>Frequ\u00eancia: 433,92 MHz<\/li>\n<li>Alcance de at\u00e9 100 m sem barreira<\/li>\n<li>Dispon\u00edvel nas cores preto, azul, vermelho, amarelo e verde<\/li>\n<li>Clip remov\u00edvel na parte traseira.<\/li>\n<\/ul>\n<\/div>\n<\/div>\n<\/div>\n<\/div>\n<\/div>\n","protected":false},"featured_media":400,"template":"","meta":[],"product_brand":[],"product_cat":[37],"product_tag":[],"class_list":{"0":"post-399","1":"product","2":"type-product","3":"status-publish","4":"has-post-thumbnail","6":"product_cat-controles-remoto","8":"first","9":"instock","10":"shipping-taxable","11":"product-type-simple"},"yoast_head":"<!-- This site is optimized with the Yoast SEO plugin v26.7 - https:\/\/yoast.com\/wordpress\/plugins\/seo\/ -->\n<title>Open Tech - Disel Distribuidora<\/title>\n<meta name=\"robots\" content=\"index, follow, max-snippet:-1, max-image-preview:large, max-video-preview:-1\" \/>\n<link rel=\"canonical\" href=\"https:\/\/diseldistribuidora.com.br\/?product=open-tech\" \/>\n<meta property=\"og:locale\" content=\"pt_BR\" \/>\n<meta property=\"og:type\" content=\"article\" \/>\n<meta property=\"og:title\" content=\"Open Tech - Disel Distribuidora\" \/>\n<meta property=\"og:description\" content=\"Linha do Produto:\u00a0AUTOMA\u00c7\u00c3O      Com design moderno, maior resist\u00eancia e precis\u00e3o no acionamento, a linha de controles remotos Open Tech pode ser utilizado em conjunto com qualquer produto que trabalhe com sistema Learning Code (c\u00f3digo aberto). Dispon\u00edvel em 5 cores.   ESPECIFICA\u00c7\u00d5ES T\u00c9CNICAS        3 bot\u00f5es com sistema Learning Code (C\u00f3digo aberto)  Bot\u00f5es do tipo push button  Indica\u00e7\u00e3o de bateria baixa  Frequ\u00eancia: 433,92 MHz  Alcance de at\u00e9 100 m sem barreira  Dispon\u00edvel nas cores preto, azul, vermelho, amarelo e verde  Clip remov\u00edvel na parte traseira.\" \/>\n<meta property=\"og:url\" content=\"https:\/\/diseldistribuidora.com.br\/?product=open-tech\" \/>\n<meta property=\"og:site_name\" content=\"Disel Distribuidora\" \/>\n<meta property=\"article:modified_time\" content=\"2023-09-14T04:10:52+00:00\" \/>\n<meta property=\"og:image\" content=\"https:\/\/diseldistribuidora.com.br\/wp-content\/uploads\/2023\/07\/open-tech.png\" \/>\n\t<meta property=\"og:image:width\" content=\"533\" \/>\n\t<meta property=\"og:image:height\" content=\"539\" \/>\n\t<meta property=\"og:image:type\" content=\"image\/png\" \/>\n<meta name=\"twitter:card\" content=\"summary_large_image\" \/>\n<script type=\"application\/ld+json\" class=\"yoast-schema-graph\">{\"@context\":\"https:\/\/schema.org\",\"@graph\":[{\"@type\":\"WebPage\",\"@id\":\"https:\/\/diseldistribuidora.com.br\/?product=open-tech\",\"url\":\"https:\/\/diseldistribuidora.com.br\/?product=open-tech\",\"name\":\"Open Tech - Disel Distribuidora\",\"isPartOf\":{\"@id\":\"https:\/\/diseldistribuidora.com.br\/#website\"},\"primaryImageOfPage\":{\"@id\":\"https:\/\/diseldistribuidora.com.br\/?product=open-tech#primaryimage\"},\"image\":{\"@id\":\"https:\/\/diseldistribuidora.com.br\/?product=open-tech#primaryimage\"},\"thumbnailUrl\":\"https:\/\/diseldistribuidora.com.br\/wp-content\/uploads\/2023\/07\/open-tech.png\",\"datePublished\":\"2023-07-19T04:31:00+00:00\",\"dateModified\":\"2023-09-14T04:10:52+00:00\",\"breadcrumb\":{\"@id\":\"https:\/\/diseldistribuidora.com.br\/?product=open-tech#breadcrumb\"},\"inLanguage\":\"pt-BR\",\"potentialAction\":[{\"@type\":\"ReadAction\",\"target\":[\"https:\/\/diseldistribuidora.com.br\/?product=open-tech\"]}]},{\"@type\":\"ImageObject\",\"inLanguage\":\"pt-BR\",\"@id\":\"https:\/\/diseldistribuidora.com.br\/?product=open-tech#primaryimage\",\"url\":\"https:\/\/diseldistribuidora.com.br\/wp-content\/uploads\/2023\/07\/open-tech.png\",\"contentUrl\":\"https:\/\/diseldistribuidora.com.br\/wp-content\/uploads\/2023\/07\/open-tech.png\",\"width\":533,\"height\":539},{\"@type\":\"BreadcrumbList\",\"@id\":\"https:\/\/diseldistribuidora.com.br\/?product=open-tech#breadcrumb\",\"itemListElement\":[{\"@type\":\"ListItem\",\"position\":1,\"name\":\"In\u00edcio\",\"item\":\"https:\/\/diseldistribuidora.com.br\/\"},{\"@type\":\"ListItem\",\"position\":2,\"name\":\"Loja\",\"item\":\"https:\/\/diseldistribuidora.com.br\/?page_id=51\"},{\"@type\":\"ListItem\",\"position\":3,\"name\":\"Open Tech\"}]},{\"@type\":\"WebSite\",\"@id\":\"https:\/\/diseldistribuidora.com.br\/#website\",\"url\":\"https:\/\/diseldistribuidora.com.br\/\",\"name\":\"Disel Distribuidora\",\"description\":\"Como distribuidores l\u00edderes, colaboramos com as principais marcas do mercado para oferecer produtos de qualidade, garantindo a confiabilidade e a durabilidade de cada equipamento. Nossa matriz est\u00e1 estrategicamente localizada para atender \u00e0s necessidades de clientes de Rio Verge-GO e regi\u00e3o, mas temos unidades em Uberl\u00e2ndia-MG e Uberaba-MG.\",\"publisher\":{\"@id\":\"https:\/\/diseldistribuidora.com.br\/#organization\"},\"potentialAction\":[{\"@type\":\"SearchAction\",\"target\":{\"@type\":\"EntryPoint\",\"urlTemplate\":\"https:\/\/diseldistribuidora.com.br\/?s={search_term_string}\"},\"query-input\":{\"@type\":\"PropertyValueSpecification\",\"valueRequired\":true,\"valueName\":\"search_term_string\"}}],\"inLanguage\":\"pt-BR\"},{\"@type\":\"Organization\",\"@id\":\"https:\/\/diseldistribuidora.com.br\/#organization\",\"name\":\"Disel Distribuidora\",\"url\":\"https:\/\/diseldistribuidora.com.br\/\",\"logo\":{\"@type\":\"ImageObject\",\"inLanguage\":\"pt-BR\",\"@id\":\"https:\/\/diseldistribuidora.com.br\/#\/schema\/logo\/image\/\",\"url\":\"https:\/\/diseldistribuidora.com.br\/wp-content\/uploads\/2023\/06\/DISEL-DISTRIBUIDORA-PRODUTOS-SEGURANCA-ELETRONICA.png\",\"contentUrl\":\"https:\/\/diseldistribuidora.com.br\/wp-content\/uploads\/2023\/06\/DISEL-DISTRIBUIDORA-PRODUTOS-SEGURANCA-ELETRONICA.png\",\"width\":800,\"height\":530,\"caption\":\"Disel Distribuidora\"},\"image\":{\"@id\":\"https:\/\/diseldistribuidora.com.br\/#\/schema\/logo\/image\/\"}}]}<\/script>\n<!-- \/ Yoast SEO plugin. -->","yoast_head_json":{"title":"Open Tech - Disel Distribuidora","robots":{"index":"index","follow":"follow","max-snippet":"max-snippet:-1","max-image-preview":"max-image-preview:large","max-video-preview":"max-video-preview:-1"},"canonical":"https:\/\/diseldistribuidora.com.br\/?product=open-tech","og_locale":"pt_BR","og_type":"article","og_title":"Open Tech - Disel Distribuidora","og_description":"Linha do Produto:\u00a0AUTOMA\u00c7\u00c3O      Com design moderno, maior resist\u00eancia e precis\u00e3o no acionamento, a linha de controles remotos Open Tech pode ser utilizado em conjunto com qualquer produto que trabalhe com sistema Learning Code (c\u00f3digo aberto). Dispon\u00edvel em 5 cores.   ESPECIFICA\u00c7\u00d5ES T\u00c9CNICAS        3 bot\u00f5es com sistema Learning Code (C\u00f3digo aberto)  Bot\u00f5es do tipo push button  Indica\u00e7\u00e3o de bateria baixa  Frequ\u00eancia: 433,92 MHz  Alcance de at\u00e9 100 m sem barreira  Dispon\u00edvel nas cores preto, azul, vermelho, amarelo e verde  Clip remov\u00edvel na parte traseira.","og_url":"https:\/\/diseldistribuidora.com.br\/?product=open-tech","og_site_name":"Disel Distribuidora","article_modified_time":"2023-09-14T04:10:52+00:00","og_image":[{"width":533,"height":539,"url":"https:\/\/diseldistribuidora.com.br\/wp-content\/uploads\/2023\/07\/open-tech.png","type":"image\/png"}],"twitter_card":"summary_large_image","schema":{"@context":"https:\/\/schema.org","@graph":[{"@type":"WebPage","@id":"https:\/\/diseldistribuidora.com.br\/?product=open-tech","url":"https:\/\/diseldistribuidora.com.br\/?product=open-tech","name":"Open Tech - Disel Distribuidora","isPartOf":{"@id":"https:\/\/diseldistribuidora.com.br\/#website"},"primaryImageOfPage":{"@id":"https:\/\/diseldistribuidora.com.br\/?product=open-tech#primaryimage"},"image":{"@id":"https:\/\/diseldistribuidora.com.br\/?product=open-tech#primaryimage"},"thumbnailUrl":"https:\/\/diseldistribuidora.com.br\/wp-content\/uploads\/2023\/07\/open-tech.png","datePublished":"2023-07-19T04:31:00+00:00","dateModified":"2023-09-14T04:10:52+00:00","breadcrumb":{"@id":"https:\/\/diseldistribuidora.com.br\/?product=open-tech#breadcrumb"},"inLanguage":"pt-BR","potentialAction":[{"@type":"ReadAction","target":["https:\/\/diseldistribuidora.com.br\/?product=open-tech"]}]},{"@type":"ImageObject","inLanguage":"pt-BR","@id":"https:\/\/diseldistribuidora.com.br\/?product=open-tech#primaryimage","url":"https:\/\/diseldistribuidora.com.br\/wp-content\/uploads\/2023\/07\/open-tech.png","contentUrl":"https:\/\/diseldistribuidora.com.br\/wp-content\/uploads\/2023\/07\/open-tech.png","width":533,"height":539},{"@type":"BreadcrumbList","@id":"https:\/\/diseldistribuidora.com.br\/?product=open-tech#breadcrumb","itemListElement":[{"@type":"ListItem","position":1,"name":"In\u00edcio","item":"https:\/\/diseldistribuidora.com.br\/"},{"@type":"ListItem","position":2,"name":"Loja","item":"https:\/\/diseldistribuidora.com.br\/?page_id=51"},{"@type":"ListItem","position":3,"name":"Open Tech"}]},{"@type":"WebSite","@id":"https:\/\/diseldistribuidora.com.br\/#website","url":"https:\/\/diseldistribuidora.com.br\/","name":"Disel Distribuidora","description":"Como distribuidores l\u00edderes, colaboramos com as principais marcas do mercado para oferecer produtos de qualidade, garantindo a confiabilidade e a durabilidade de cada equipamento. Nossa matriz est\u00e1 estrategicamente localizada para atender \u00e0s necessidades de clientes de Rio Verge-GO e regi\u00e3o, mas temos unidades em Uberl\u00e2ndia-MG e Uberaba-MG.","publisher":{"@id":"https:\/\/diseldistribuidora.com.br\/#organization"},"potentialAction":[{"@type":"SearchAction","target":{"@type":"EntryPoint","urlTemplate":"https:\/\/diseldistribuidora.com.br\/?s={search_term_string}"},"query-input":{"@type":"PropertyValueSpecification","valueRequired":true,"valueName":"search_term_string"}}],"inLanguage":"pt-BR"},{"@type":"Organization","@id":"https:\/\/diseldistribuidora.com.br\/#organization","name":"Disel Distribuidora","url":"https:\/\/diseldistribuidora.com.br\/","logo":{"@type":"ImageObject","inLanguage":"pt-BR","@id":"https:\/\/diseldistribuidora.com.br\/#\/schema\/logo\/image\/","url":"https:\/\/diseldistribuidora.com.br\/wp-content\/uploads\/2023\/06\/DISEL-DISTRIBUIDORA-PRODUTOS-SEGURANCA-ELETRONICA.png","contentUrl":"https:\/\/diseldistribuidora.com.br\/wp-content\/uploads\/2023\/06\/DISEL-DISTRIBUIDORA-PRODUTOS-SEGURANCA-ELETRONICA.png","width":800,"height":530,"caption":"Disel Distribuidora"},"image":{"@id":"https:\/\/diseldistribuidora.com.br\/#\/schema\/logo\/image\/"}}]}},"_links":{"self":[{"href":"https:\/\/diseldistribuidora.com.br\/index.php?rest_route=\/wp\/v2\/product\/399","targetHints":{"allow":["GET"]}}],"collection":[{"href":"https:\/\/diseldistribuidora.com.br\/index.php?rest_route=\/wp\/v2\/product"}],"about":[{"href":"https:\/\/diseldistribuidora.com.br\/index.php?rest_route=\/wp\/v2\/types\/product"}],"wp:featuredmedia":[{"embeddable":true,"href":"https:\/\/diseldistribuidora.com.br\/index.php?rest_route=\/wp\/v2\/media\/400"}],"wp:attachment":[{"href":"https:\/\/diseldistribuidora.com.br\/index.php?rest_route=%2Fwp%2Fv2%2Fmedia&parent=399"}],"wp:term":[{"taxonomy":"product_brand","embeddable":true,"href":"https:\/\/diseldistribuidora.com.br\/index.php?rest_route=%2Fwp%2Fv2%2Fproduct_brand&post=399"},{"taxonomy":"product_cat","embeddable":true,"href":"https:\/\/diseldistribuidora.com.br\/index.php?rest_route=%2Fwp%2Fv2%2Fproduct_cat&post=399"},{"taxonomy":"product_tag","embeddable":true,"href":"https:\/\/diseldistribuidora.com.br\/index.php?rest_route=%2Fwp%2Fv2%2Fproduct_tag&post=399"}],"curies":[{"name":"wp","href":"https:\/\/api.w.org\/{rel}","templated":true}]}}